{"id":27143,"date":"2022-05-02T23:04:50","date_gmt":"2022-05-03T02:04:50","guid":{"rendered":"https:\/\/www.iau.usp.br\/acervoprojetomemoria\/?page_id=27143"},"modified":"2022-05-16T11:11:41","modified_gmt":"2022-05-16T14:11:41","slug":"ficha-tecnica","status":"publish","type":"page","link":"https:\/\/www.iau.usp.br\/acervoprojetomemoria\/index.php\/ficha-tecnica\/","title":{"rendered":"Ficha t\u00e9cnica"},"content":{"rendered":"\n<div class=\"wp-block-columns alignfull is-layout-flex wp-container-core-columns-is-layout-9d6595d7 wp-block-columns-is-layout-flex\">\n<div class=\"wp-block-column is-layout-flow wp-block-column-is-layout-flow\">\n<h2 class=\"has-accent-color has-text-color wp-block-heading\" id=\"creditos\">Cr\u00e9ditos<\/h2>\n\n\n\n<h5 class=\"has-secondary-color has-text-color wp-block-heading\" id=\"diretoria-do-iaumiguel-antonio-buzzar-e-joubert-jose-lancha-1-6-2016-a-31-5-2020joubert-jose-lancha-e-miguel-antonio-buzzar-1-6-2020-a-31-5-2024\">Diretoria do IAU<br>Miguel Antonio Buzzar e Joubert Jos\u00e9 Lancha &#8211; 1\/6\/2016 a 31\/5\/2020<br>Joubert Jos\u00e9 Lancha e Miguel Antonio Buzzar &#8211; 1\/6\/2020 a 31\/5\/2024<\/h5>\n\n\n\n<h5 class=\"has-secondary-color has-text-color wp-block-heading\" id=\"entrevistas-e-depoimentosjeferson-cristiano-tavares-debora-de-oliveira-martinez-jose-eduardo-zanardi-beatriz-gimenes-murilo-morais-e-jonathan-r-almeida\">Entrevistas e depoimentos<br>Jeferson Cristiano Tavares, D\u00e9bora de Oliveira Martinez, Jos\u00e9 Eduardo Zanardi, Beatriz Gimenes, Murilo Morais e Jonathan R. Almeida<\/h5>\n\n\n\n<h5 class=\"has-secondary-color has-text-color wp-block-heading\" id=\"roteiro-e-formato-das-entrevistas-e-depoimentosmiguel-antonio-buzzar-jeferson-cristiano-tavares-e-debora-de-oliveira-martinez\">Roteiro e formato das entrevistas e depoimentos<br>Miguel Antonio Buzzar, Jeferson Cristiano Tavares e D\u00e9bora de Oliveira Martinez<\/h5>\n\n\n\n<h5 class=\"has-secondary-color has-text-color wp-block-heading\" id=\"pesquisa-documental-e-bibliograficajeferson-cristiano-tavares-e-debora-de-oliveira-martinez\">Pesquisa documental e bibliogr\u00e1fica<br>Jeferson Cristiano Tavares e D\u00e9bora de Oliveira Martinez<\/h5>\n\n\n\n<h5 class=\"has-secondary-color has-text-color wp-block-heading\" id=\"arte-graficapaulo-cesar-castral-giovanna-navarro-miotto-e-leozel-negrao-neto\">Arte gr\u00e1fica<br>Paulo Cesar Castral, Giovanna Navarro Miotto e Leozel Negr\u00e3o Neto<\/h5>\n\n\n\n<h5 class=\"has-accent-color has-text-color wp-block-heading\" id=\"acervo-de-imagem-e-curadoriaamanda-saba-ruggiero-paulo-victor-s-ceneviva-giovanna-navarro-miotto-yasmin-natalia-migliati-vitoria-elise-da-silva-machado-mayara-bandeira-macedo-carolina-de-oliveira-melo-silva-e-laura-felippe-torggler\">Acervo de imagem e curadoria<br>Amanda Saba Ruggiero, Paulo Victor S. Ceneviva, Giovanna Navarro Miotto, Yasmin Nat\u00e1lia Migliati, Vit\u00f3ria Elise da Silva Machado, Mayara Bandeira Macedo, Carolina de Oliveira Melo Silva e Laura Felippe Torggler<\/h5>\n\n\n\n<h5 class=\"has-secondary-color has-text-color wp-block-heading\" id=\"linha-do-tempodebora-de-oliveira-martinez-e-joao-v-garcia\">Linha do tempo<br>D\u00e9bora de Oliveira Martinez e Jo\u00e3o V. Garcia<\/h5>\n\n\n\n<h5 class=\"has-secondary-color has-text-color wp-block-heading\" id=\"websiteevandro-cesar-bueno-paulo-victor-s-ceneviva-daniel-picon-claudio-kakuda-marcelo-cshe-jose-eduardo-zanardi-e-debora-de-oliveira-martinez\">Website<br>Evandro Cesar Bueno, Paulo Victor S. Ceneviva, Daniel Picon, Claudio Kakuda, Marcelo Cshe, Jos\u00e9 Eduardo Zanardi e D\u00e9bora de Oliveira Martinez<\/h5>\n\n\n\n<h5 class=\"has-secondary-color has-text-color wp-block-heading\" id=\"agradecimentosao-conjunto-de-servidores-tecnicos-do-iau-que-colaboraram-em-diversas-atividades-de-apoio-ao-projeto-e-ao-prof-marcelo-claudio-tramontano-pelo-emprestimo-de-equipamento-para-a-realizacao-das-entrevistas-e-depoimentos\">Agradecimentos<br>Ao conjunto de servidores t\u00e9cnicos do IAU que colaboraram em diversas atividades de apoio ao Projeto e ao Prof Marcelo Cl\u00e1udio Tramontano, pelo empr\u00e9stimo de equipamento para a realiza\u00e7\u00e3o das entrevistas e depoimentos.<\/h5>\n<\/div>\n<\/div>\n","protected":false},"excerpt":{"rendered":"<p>Cr\u00e9ditos Diretoria do IAUMiguel Antonio Buzzar e Joubert Jos\u00e9 Lancha &#8211; 1\/6\/2016 a 31\/5\/2020Joubert Jos\u00e9 Lancha e Miguel Antonio Buzzar &#8211; 1\/6\/2020 a 31\/5\/2024 Entrevistas e depoimentosJeferson Cristiano Tavares, D\u00e9bora de Oliveira Martinez, Jos\u00e9 Eduardo Zanardi, Beatriz Gimenes, Murilo Morais e Jonathan R. Almeida Roteiro e formato das entrevistas e depoimentosMiguel Antonio Buzzar, Jeferson Cristiano [&hellip;]<\/p>\n","protected":false},"author":3,"featured_media":0,"parent":0,"menu_order":0,"comment_status":"closed","ping_status":"closed","template":"","meta":{"footnotes":""},"class_list":["post-27143","page","type-page","status-publish","hentry"],"_links":{"self":[{"href":"https:\/\/www.iau.usp.br\/acervoprojetomemoria\/index.php\/wp-json\/wp\/v2\/pages\/27143","targetHints":{"allow":["GET"]}}],"collection":[{"href":"https:\/\/www.iau.usp.br\/acervoprojetomemoria\/index.php\/wp-json\/wp\/v2\/pages"}],"about":[{"href":"https:\/\/www.iau.usp.br\/acervoprojetomemoria\/index.php\/wp-json\/wp\/v2\/types\/page"}],"author":[{"embeddable":true,"href":"https:\/\/www.iau.usp.br\/acervoprojetomemoria\/index.php\/wp-json\/wp\/v2\/users\/3"}],"replies":[{"embeddable":true,"href":"https:\/\/www.iau.usp.br\/acervoprojetomemoria\/index.php\/wp-json\/wp\/v2\/comments?post=27143"}],"version-history":[{"count":14,"href":"https:\/\/www.iau.usp.br\/acervoprojetomemoria\/index.php\/wp-json\/wp\/v2\/pages\/27143\/revisions"}],"predecessor-version":[{"id":36405,"href":"https:\/\/www.iau.usp.br\/acervoprojetomemoria\/index.php\/wp-json\/wp\/v2\/pages\/27143\/revisions\/36405"}],"wp:attachment":[{"href":"https:\/\/www.iau.usp.br\/acervoprojetomemoria\/index.php\/wp-json\/wp\/v2\/media?parent=27143"}],"curies":[{"name":"wp","href":"https:\/\/api.w.org\/{rel}","templated":true}]}}