{"id":1440,"date":"2022-04-28T09:44:52","date_gmt":"2022-04-28T12:44:52","guid":{"rendered":"https:\/\/www.iau.usp.br\/projetomemoria\/?page_id=1440"},"modified":"2022-04-28T10:49:21","modified_gmt":"2022-04-28T13:49:21","slug":"creditos","status":"publish","type":"page","link":"https:\/\/www.iau.usp.br\/projetomemoria\/index.php\/creditos\/","title":{"rendered":"Cr\u00e9ditos"},"content":{"rendered":"\n<p class=\"has-text-align-center\"><strong>Diretoria do IAU<br><\/strong>Miguel Ant\u00f4nio Buzzar e Joubert Jos\u00e9 Lancha (1\/6\/2016 a 31\/5\/2020)<br>Joubert Jos\u00e9 Lancha e Miguel Ant\u00f4nio Buzzar (1\/6\/2020 a 31\/5\/2024)<\/p>\n\n\n\n<p class=\"has-text-align-center\"><strong>Entrevistas e depoimentos<br><\/strong>Jeferson Cristiano Tavares, D\u00e9bora de Oliveira Martinez, Jos\u00e9 Eduardo Zanardi,<br>Beatriz Gimenes, Jonathan R. de Almeida, Murilo Morais<\/p>\n\n\n\n<p class=\"has-text-align-center\"><strong>Roteiro e formato das entrevistas e depoimentos<br><\/strong>Miguel Ant\u00f4nio Buzzar, Jeferson Cristiano Tavares, D\u00e9bora de Oliveira Martinez<\/p>\n\n\n\n<p class=\"has-text-align-center\"><strong>Pesquisa documental e bibliogr\u00e1fica<br><\/strong>Jeferson Cristiano Tavares, D\u00e9bora de Oliveira Martinez<\/p>\n\n\n\n<p class=\"has-text-align-center\"><strong>Arte gr\u00e1fica<br><\/strong>Paulo Cesar Castral, Giovanna Navarro Miotto<\/p>\n\n\n\n<p class=\"has-text-align-center\"><strong>Acervo de imagem e curadoria<br><\/strong>Amanda Saba Ruggiero, Giovanna Navarro Miotto, Yasmin Nat\u00e1lia Migliati,<br>Vit\u00f3ria Elise da Silva Machado, Mayara Bandeira Macedo,<br>Carolina de Oliveira Melo Silva, Laura Felippe Torggler<\/p>\n\n\n\n<p class=\"has-text-align-center\"><strong>Linha do tempo<br><\/strong>D\u00e9bora de Oliveira Martinez, Jo\u00e3o V. Garcia<\/p>\n\n\n\n<p class=\"has-text-align-center\"><strong>Website<br><\/strong>Evandro Cesar Bueno, Paulo Vitor S. Ceneviva, Daniel Picon,<br>Claudio Kakuda, Marcelo Cshe, Jos\u00e9 Eduardo Zanardi, D\u00e9bora de Oliveira Martinez<\/p>\n\n\n\n<p class=\"has-text-align-center\"><strong>Agradecimentos<br><\/strong>Ao conjunto de servidores t\u00e9cnicos do IAU que colaboraram em<br>diversas atividades de apoio ao Projeto e ao Prof. Marcelo Cl\u00e1udio Tramontano,<br>pelo empr\u00e9stimo de equipamento para a realiza\u00e7\u00e3o das entrevistas e depoimentos<\/p>\n\n\n\n<p class=\"has-text-align-center\"><strong>Cr\u00e9ditos dos V\u00eddeos<\/strong><\/p>\n\n\n\n<p class=\"has-text-align-center\">Entrevistas realizadas entre 2019 e 2021<br>Professores entrevistados<br>Akemi Ino, Aline Coelho Sanches, Azael R. Camargo, Bruno L. Daminelli,<br>Carlos A. F. Martins, Carlos R. M. de Andrade, Cibele S. Rizek, David M. Sperling,<br>Eduvaldo P. Sichieri, Eug\u00eanio Foresti, Fabio S. Lopes, Jeferson C. Tavares, Joubert Jos\u00e9 Lancha,<br>Kelen A. Dornelles, Lucia Z. Shimbo, Manoel R. Alves, Marcio M. Fabricio, Marcos Sampaio,<br>Miguel Ant\u00f4nio Buzzar, Renato L. S. Anelli, Ricardo Martucci, Simone H. T. Vizioli<\/p>\n\n\n\n<p class=\"has-text-align-center\"><strong>Funcion\u00e1rios entrevistados<br><\/strong>Brianda de Oliveira O. Sigolo, Cleverci A. Malaman, D\u00e9bora de Oliveira Martinez,<br>F\u00e1tima M. Mininel, Felipe Ortega Romano, Jos\u00e9 Eduardo Zanardi, Jos\u00e9 Renato Dibo,<br>Marcelo B. Brocco, Marcelo Celestini, Paulo Victor Ceneviva, Raquel S. Bonichelli,<br>Rui Leal Balseiro, S\u00e9rgio C. Celestini, Val\u00e9ria F. C. Neves<\/p>\n\n\n\n<p class=\"has-text-align-center\"><strong>Ex-alunos entrevistados<br><\/strong>Alberto F. Barbour, Anamaria Vieira, Carolina M. Moreira, Dagmar A. Bisinotto,<br>Daniele R. Porto, Eduardo A. Silva, Elis\u00e2ngela A. Chiquito, Fabiana T. Stuch,<br>Fabiano Lemes de Oliveira, Javier Alan Aguillar, Jo\u00e3o Ant\u00f4nio Cassaro J\u00fanior,<br>Livia B. Vetorasso, Maria Cl\u00e1udia de Oliveira,Marlon A. Mercaldi, Marlon R. Longo,<br>Paulo S\u00e9rgio Teixeira, Paulo T. Ferreira, Pedro N. Cornetta, Reinaldo de Jesus Consoli,<br>Ricardo M. Antunes, Ricardo Trevisan, Salua K. M. Poleto, Tha\u00eds T. Rosa, Wanderley Hanaoka<\/p>\n\n\n\n<p class=\"has-text-align-center\"><strong>Entrevistas e depoimentos<br><\/strong>Jeferson Cristiano Tavares, D\u00e9bora de Oliveira Martinez,<br>Jos\u00e9 Eduardo Zanardi, Beatriz Gimenes, Murilo Morais, Jonathan R. Almeida<\/p>\n\n\n\n<p class=\"has-text-align-center\"><strong>Roteiro e formato das entrevistas e depoimentos<br><\/strong>Miguel Ant\u00f4nio Buzzar, Jeferson Cristiano Tavares, D\u00e9bora de Oliveira Martinez<\/p>\n\n\n\n<p class=\"has-text-align-center\"><strong>Pesquisa das trajet\u00f3rias profissionais<br><\/strong>Jeferson Cristiano Tavares, D\u00e9bora de Oliveira Martinez<\/p>\n\n\n\n<p class=\"has-text-align-center\"><strong>Edi\u00e7\u00e3o e videografia<br><\/strong>Jos\u00e9 Eduardo Zanardi<\/p>\n\n\n\n<p class=\"has-text-align-center\"><strong>Locu\u00e7\u00e3o<br><\/strong>Raquel Santini Bonichelli<\/p>\n\n\n\n<p class=\"has-text-align-center\"><strong>Acervo de imagem e curadoria<br><\/strong>Amanda Saba Ruggiero, Giovanna Navarro Miotto, Yasmin Nat\u00e1lia Migliati,<br>Vit\u00f3ria Elise da Silva Machado, Mayara Bandeira Macedo,<br>Carolina de Oliveira Melo Silva, Laura Felippe Torggler<\/p>\n\n\n\n<p class=\"has-text-align-center\"><strong>Linha do tempo<br><\/strong>D\u00e9bora de Oliveira Martinez, Jo\u00e3o V. Garcia<\/p>\n\n\n\n<p class=\"has-text-align-center\"><strong>Trilha sonora<br><\/strong>&#8220;Goldberg Variation n. 13&#8221;, de Bach &#8211; int\u00e9rprete: Glenn Gould<br>&#8220;Summer&#8221; &#8211; Bensound\u00b4s Youtube Channel<\/p>\n","protected":false},"excerpt":{"rendered":"<p>Diretoria do IAUMiguel Ant\u00f4nio Buzzar e Joubert Jos\u00e9 Lancha (1\/6\/2016 a 31\/5\/2020)Joubert Jos\u00e9 Lancha e Miguel Ant\u00f4nio Buzzar (1\/6\/2020 a 31\/5\/2024) Entrevistas e depoimentosJeferson Cristiano Tavares, D\u00e9bora de Oliveira Martinez, Jos\u00e9 Eduardo Zanardi,Beatriz Gimenes, Jonathan R. de Almeida, Murilo Morais Roteiro e formato das entrevistas e depoimentosMiguel Ant\u00f4nio Buzzar, Jeferson Cristiano Tavares, D\u00e9bora de Oliveira Martinez Pesquisa documental e bibliogr\u00e1ficaJeferson Cristiano Tavares, D\u00e9bora de Oliveira Martinez Arte gr\u00e1ficaPaulo Cesar Castral, Giovanna Navarro Miotto Acervo de imagem e curadoriaAmanda Saba Ruggiero, Giovanna Navarro Miotto, Yasmin Nat\u00e1lia Migliati,Vit\u00f3ria Elise da Silva Machado, Mayara Bandeira Macedo,Carolina de Oliveira Melo Silva, Laura Felippe Torggler Linha do tempoD\u00e9bora de Oliveira Martinez, Jo\u00e3o V. Garcia WebsiteEvandro Cesar Bueno, Paulo Vitor S. Ceneviva, Daniel Picon,Claudio Kakuda, Marcelo Cshe, Jos\u00e9 Eduardo Zanardi, D\u00e9bora de Oliveira Martinez AgradecimentosAo conjunto de servidores t\u00e9cnicos do IAU que colaboraram emdiversas atividades de apoio ao Projeto e ao Prof. Marcelo Cl\u00e1udio Tramontano,pelo empr\u00e9stimo de equipamento para a realiza\u00e7\u00e3o das entrevistas e depoimentos Cr\u00e9ditos dos V\u00eddeos Entrevistas realizadas entre 2019 e 2021Professores entrevistadosAkemi Ino, Aline Coelho Sanches, Azael R. Camargo, Bruno L. Daminelli,Carlos A. F. Martins, Carlos R. M. de Andrade, Cibele S. Rizek, David M. Sperling,Eduvaldo P. Sichieri, Eug\u00eanio Foresti, Fabio S. Lopes, Jeferson C. Tavares, Joubert Jos\u00e9 Lancha,Kelen A. Dornelles, Lucia Z. Shimbo, Manoel R. Alves, Marcio M. Fabricio, Marcos Sampaio,Miguel Ant\u00f4nio Buzzar, Renato L. S. Anelli, Ricardo Martucci, Simone H. T. Vizioli Funcion\u00e1rios entrevistadosBrianda de Oliveira O. Sigolo, Cleverci A. Malaman, D\u00e9bora de Oliveira Martinez,F\u00e1tima M. Mininel, Felipe Ortega Romano, Jos\u00e9 Eduardo Zanardi, Jos\u00e9 Renato Dibo,Marcelo B. Brocco, Marcelo Celestini, Paulo Victor Ceneviva, Raquel S. Bonichelli,Rui Leal Balseiro, S\u00e9rgio C. Celestini, Val\u00e9ria F. C. Neves Ex-alunos entrevistadosAlberto F. Barbour, Anamaria Vieira, Carolina M. Moreira, Dagmar A. Bisinotto,Daniele R. Porto, Eduardo A. Silva, Elis\u00e2ngela A. Chiquito, Fabiana T. Stuch,Fabiano Lemes de Oliveira, Javier Alan Aguillar, Jo\u00e3o Ant\u00f4nio Cassaro J\u00fanior,Livia B. Vetorasso, Maria Cl\u00e1udia de Oliveira,Marlon A. Mercaldi, Marlon R. Longo,Paulo S\u00e9rgio Teixeira, Paulo T. Ferreira, Pedro N. Cornetta, Reinaldo de Jesus Consoli,Ricardo M. Antunes, Ricardo Trevisan, Salua K. M. Poleto, Tha\u00eds T. Rosa, Wanderley Hanaoka Entrevistas e depoimentosJeferson Cristiano Tavares, D\u00e9bora de Oliveira Martinez,Jos\u00e9 Eduardo Zanardi, Beatriz Gimenes, Murilo Morais, Jonathan R. Almeida Roteiro e formato das entrevistas e depoimentosMiguel Ant\u00f4nio Buzzar, Jeferson Cristiano Tavares, D\u00e9bora de Oliveira Martinez Pesquisa das trajet\u00f3rias profissionaisJeferson Cristiano Tavares, D\u00e9bora de Oliveira Martinez Edi\u00e7\u00e3o e videografiaJos\u00e9 Eduardo Zanardi Locu\u00e7\u00e3oRaquel Santini Bonichelli Acervo de imagem e curadoriaAmanda Saba Ruggiero, Giovanna Navarro Miotto, Yasmin Nat\u00e1lia Migliati,Vit\u00f3ria Elise da Silva Machado, Mayara Bandeira Macedo,Carolina de Oliveira Melo Silva, Laura Felippe Torggler Linha do tempoD\u00e9bora de Oliveira Martinez, Jo\u00e3o V. Garcia Trilha sonora&#8220;Goldberg Variation n. 13&#8221;, de Bach &#8211; int\u00e9rprete: Glenn Gould&#8220;Summer&#8221; &#8211; Bensound\u00b4s Youtube Channel<\/p>\n","protected":false},"author":1,"featured_media":0,"parent":0,"menu_order":0,"comment_status":"closed","ping_status":"closed","template":"page-templates\/template_fullwidth.php","meta":{"footnotes":""},"class_list":["post-1440","page","type-page","status-publish","hentry","post-item clearfix"],"_links":{"self":[{"href":"https:\/\/www.iau.usp.br\/projetomemoria\/index.php\/wp-json\/wp\/v2\/pages\/1440","targetHints":{"allow":["GET"]}}],"collection":[{"href":"https:\/\/www.iau.usp.br\/projetomemoria\/index.php\/wp-json\/wp\/v2\/pages"}],"about":[{"href":"https:\/\/www.iau.usp.br\/projetomemoria\/index.php\/wp-json\/wp\/v2\/types\/page"}],"author":[{"embeddable":true,"href":"https:\/\/www.iau.usp.br\/projetomemoria\/index.php\/wp-json\/wp\/v2\/users\/1"}],"replies":[{"embeddable":true,"href":"https:\/\/www.iau.usp.br\/projetomemoria\/index.php\/wp-json\/wp\/v2\/comments?post=1440"}],"version-history":[{"count":6,"href":"https:\/\/www.iau.usp.br\/projetomemoria\/index.php\/wp-json\/wp\/v2\/pages\/1440\/revisions"}],"predecessor-version":[{"id":1450,"href":"https:\/\/www.iau.usp.br\/projetomemoria\/index.php\/wp-json\/wp\/v2\/pages\/1440\/revisions\/1450"}],"wp:attachment":[{"href":"https:\/\/www.iau.usp.br\/projetomemoria\/index.php\/wp-json\/wp\/v2\/media?parent=1440"}],"curies":[{"name":"wp","href":"https:\/\/api.w.org\/{rel}","templated":true}]}}