{"id":2,"date":"2019-09-26T14:24:08","date_gmt":"2019-09-26T17:24:08","guid":{"rendered":"https:\/\/www.iau.usp.br\/sem-ccex-2019\/?page_id=2"},"modified":"2022-04-08T17:12:09","modified_gmt":"2022-04-08T20:12:09","slug":"pagina-exemplo","status":"publish","type":"page","link":"https:\/\/www.iau.usp.br\/sem-ccex-2022\/","title":{"rendered":"Sobre o Semin\u00e1rio"},"content":{"rendered":"\n<figure class=\"wp-block-image\"><img loading=\"lazy\" decoding=\"async\" width=\"1024\" height=\"337\" src=\"https:\/\/www.iau.usp.br\/sem-ccex-2022\/wp-content\/uploads\/2022\/03\/WEB_Site-Horizontal-1024x337.png\" alt=\"\" class=\"wp-image-338\" srcset=\"https:\/\/www.iau.usp.br\/sem-ccex-2022\/wp-content\/uploads\/2022\/03\/WEB_Site-Horizontal-1024x337.png 1024w, https:\/\/www.iau.usp.br\/sem-ccex-2022\/wp-content\/uploads\/2022\/03\/WEB_Site-Horizontal-300x99.png 300w, https:\/\/www.iau.usp.br\/sem-ccex-2022\/wp-content\/uploads\/2022\/03\/WEB_Site-Horizontal-768x253.png 768w, https:\/\/www.iau.usp.br\/sem-ccex-2022\/wp-content\/uploads\/2022\/03\/WEB_Site-Horizontal-1568x516.png 1568w\" sizes=\"auto, (max-width: 1024px) 100vw, 1024px\" \/><\/figure>\n\n\n\n<figure class=\"wp-block-image\"><a href=\"https:\/\/drive.google.com\/file\/d\/1K5spC5-9eZKf-vE6_lcS2lFC0csvJv3W\/view\" target=\"_blank\" rel=\"noreferrer noopener\"><img loading=\"lazy\" decoding=\"async\" width=\"1024\" height=\"168\" src=\"https:\/\/www.iau.usp.br\/sem-ccex-2022\/wp-content\/uploads\/2022\/04\/E-BOOK__chamada-site-semin\u00e1rio-1024x168.jpg\" alt=\"\" class=\"wp-image-492\" srcset=\"https:\/\/www.iau.usp.br\/sem-ccex-2022\/wp-content\/uploads\/2022\/04\/E-BOOK__chamada-site-semin\u00e1rio-1024x168.jpg 1024w, https:\/\/www.iau.usp.br\/sem-ccex-2022\/wp-content\/uploads\/2022\/04\/E-BOOK__chamada-site-semin\u00e1rio-300x49.jpg 300w, https:\/\/www.iau.usp.br\/sem-ccex-2022\/wp-content\/uploads\/2022\/04\/E-BOOK__chamada-site-semin\u00e1rio-768x126.jpg 768w, https:\/\/www.iau.usp.br\/sem-ccex-2022\/wp-content\/uploads\/2022\/04\/E-BOOK__chamada-site-semin\u00e1rio-1568x258.jpg 1568w\" sizes=\"auto, (max-width: 1024px) 100vw, 1024px\" \/><\/a><\/figure>\n\n\n\n<p>Nos dias 05 e 06 de abril de 2022, no Instituto de Arquitetura e Urbanismo da Universidade de S\u00e3o Paulo, ocorre o&nbsp;<strong>II Semin\u00e1rio de Cultura e Extens\u00e3o IAU-USP 2022.<\/strong><\/p>\n\n\n\n<p>Contando com apresenta\u00e7\u00e3o de abertura do prof. Dr. Hussam El Dine Zaher, Pr\u00f3-Reitor Adjunto de Cultura e Extens\u00e3o da USP, Mesa redonda &#8220;Di\u00e1logos: a cultura e extens\u00e3o universit\u00e1ria pelo olhar de seus co-part\u00edcipes&#8221;, Lan\u00e7amento do site da CCEx e do livro&nbsp;<strong><em>A\u00e7\u00f5es Dial\u00f3gicas &#8211;&nbsp;&nbsp;Cultura e Extens\u00e3o Universit\u00e1ria no IAU-USP (2010-2022)<\/em><\/strong>, Mesas Tem\u00e1ticas com apresenta\u00e7\u00f5es e debates sobre Projetos de Cultura e Extens\u00e3o realizados entre 2019 e 2022, e <strong>Exposi\u00e7\u00e3o de Projetos do Programa Unificado de Bolsas modalidade Cultura e Extens\u00e3o 2015-22<\/strong> (de 05 de abril a 06 de maio),&nbsp;a segunda edi\u00e7\u00e3o do Semin\u00e1rio consolida um espa\u00e7o de interlocu\u00e7\u00e3o e de interc\u00e2mbio&nbsp;entre as a\u00e7\u00f5es de Cultura e Extens\u00e3o que v\u00eam sendo desenvolvidas pelo IAU-USP. <\/p>\n\n\n\n<p class=\"has-text-color has-dark-gray-color\">O evento ser\u00e1 transmitido pelo Canal do Youtube do IAU: <a href=\"https:\/\/www.youtube.com\/user\/iauusp\" target=\"_blank\" rel=\"noreferrer noopener\" aria-label=\"https:\/\/www.youtube.com\/user\/iauusp (abre numa nova aba)\">https:\/\/www.youtube.com\/user\/iauusp<\/a><\/p>\n\n\n\n<p class=\"has-text-color has-background has-primary-color has-primary-background-color\">x<\/p>\n","protected":false},"excerpt":{"rendered":"<p>Nos dias 05 e 06 de abril de 2022, no Instituto de Arquitetura e Urbanismo da Universidade de S\u00e3o Paulo, ocorre o&nbsp;II Semin\u00e1rio de Cultura e Extens\u00e3o IAU-USP 2022. Contando com apresenta\u00e7\u00e3o de abertura do prof. Dr. Hussam El Dine Zaher, Pr\u00f3-Reitor Adjunto de Cultura e Extens\u00e3o da USP, Mesa redonda &#8220;Di\u00e1logos: a cultura e [&hellip;]<\/p>\n","protected":false},"author":1,"featured_media":0,"parent":0,"menu_order":0,"comment_status":"closed","ping_status":"open","template":"","meta":{"footnotes":""},"class_list":["post-2","page","type-page","status-publish","hentry","entry"],"_links":{"self":[{"href":"https:\/\/www.iau.usp.br\/sem-ccex-2022\/index.php\/wp-json\/wp\/v2\/pages\/2","targetHints":{"allow":["GET"]}}],"collection":[{"href":"https:\/\/www.iau.usp.br\/sem-ccex-2022\/index.php\/wp-json\/wp\/v2\/pages"}],"about":[{"href":"https:\/\/www.iau.usp.br\/sem-ccex-2022\/index.php\/wp-json\/wp\/v2\/types\/page"}],"author":[{"embeddable":true,"href":"https:\/\/www.iau.usp.br\/sem-ccex-2022\/index.php\/wp-json\/wp\/v2\/users\/1"}],"replies":[{"embeddable":true,"href":"https:\/\/www.iau.usp.br\/sem-ccex-2022\/index.php\/wp-json\/wp\/v2\/comments?post=2"}],"version-history":[{"count":32,"href":"https:\/\/www.iau.usp.br\/sem-ccex-2022\/index.php\/wp-json\/wp\/v2\/pages\/2\/revisions"}],"predecessor-version":[{"id":494,"href":"https:\/\/www.iau.usp.br\/sem-ccex-2022\/index.php\/wp-json\/wp\/v2\/pages\/2\/revisions\/494"}],"wp:attachment":[{"href":"https:\/\/www.iau.usp.br\/sem-ccex-2022\/index.php\/wp-json\/wp\/v2\/media?parent=2"}],"curies":[{"name":"wp","href":"https:\/\/api.w.org\/{rel}","templated":true}]}}