{"id":9,"date":"2019-09-27T08:52:48","date_gmt":"2019-09-27T11:52:48","guid":{"rendered":"https:\/\/www.iau.usp.br\/sem-ccex-2019\/?page_id=9"},"modified":"2022-04-04T10:36:59","modified_gmt":"2022-04-04T13:36:59","slug":"programa","status":"publish","type":"page","link":"https:\/\/www.iau.usp.br\/sem-ccex-2022\/index.php\/programa\/","title":{"rendered":"Programa"},"content":{"rendered":"\n<figure class=\"wp-block-image\"><img loading=\"lazy\" decoding=\"async\" width=\"1024\" height=\"337\" src=\"https:\/\/www.iau.usp.br\/sem-ccex-2022\/wp-content\/uploads\/2022\/03\/WEB_Site-Horizontal-1024x337.png\" alt=\"\" class=\"wp-image-338\" srcset=\"https:\/\/www.iau.usp.br\/sem-ccex-2022\/wp-content\/uploads\/2022\/03\/WEB_Site-Horizontal-1024x337.png 1024w, https:\/\/www.iau.usp.br\/sem-ccex-2022\/wp-content\/uploads\/2022\/03\/WEB_Site-Horizontal-300x99.png 300w, https:\/\/www.iau.usp.br\/sem-ccex-2022\/wp-content\/uploads\/2022\/03\/WEB_Site-Horizontal-768x253.png 768w, https:\/\/www.iau.usp.br\/sem-ccex-2022\/wp-content\/uploads\/2022\/03\/WEB_Site-Horizontal-1568x516.png 1568w\" sizes=\"auto, (max-width: 1024px) 100vw, 1024px\" \/><\/figure>\n\n\n\n<p style=\"color:#ffffff\" class=\"has-text-color has-background has-primary-background-color\"><strong>05 DE ABRIL<\/strong><\/p>\n\n\n\n<p class=\"has-text-color has-primary-color\"><strong>18h30 | ABERTURA DE EXPOSI\u00c7\u00c3O: Projetos Programa Unificado de Bolsas  Cultura e Extens\u00e3o IAU.USP (2015-2022)<\/strong><\/p>\n\n\n\n<p class=\"has-text-color has-primary-color\"><strong>19h | MESA DE ABERTURA<\/strong><\/p>\n\n\n\n<p>Prof. Dr. David M. Sperling \/&nbsp;Presidente da CCEx-IAU.USP<\/p>\n\n\n\n<p>Prof. Dr. Joubert Jose Lancha \/&nbsp;Diretor do IAU.USP<\/p>\n\n\n\n<p> Prof. Dr. Hussam El Dine Zaher &#8211; Pr\u00f3-Reitor Adjunto de Cultura e Extens\u00e3o da USP<\/p>\n\n\n\n<p><\/p>\n\n\n\n<p class=\"has-text-color has-primary-color\"><strong>19h30 | LAN\u00c7AMENTO DO SITE DA CCEX E DO LIVRO <em>A\u00e7\u00f5es Dial\u00f3gicas &#8211; Cultura e Extens\u00e3o Universit\u00e1ria no IAU-USP (2010-2022)<\/em> <\/strong><\/p>\n\n\n\n<p>CCEx-IAU<\/p>\n\n\n\n<p class=\"has-text-color has-primary-color\"><strong>19h45 | MESA-REDONDA |&nbsp; Di\u00e1logos: a cultura e extens\u00e3o universit\u00e1ria pelo olhar de seus co-part\u00edcipes <\/strong><\/p>\n\n\n\n<p> Elaine Lopes da Silva e Renato Leandro &#8211; lideran\u00e7as da Comunidade do Banhado\/S\u00e3o Jos\u00e9 dos Campos  <\/p>\n\n\n\n<p> Elisabete Monteiro &#8211; professora da rede estadual de ensino <\/p>\n\n\n\n<p> Bruno Garbuio &#8211; artista c\u00eanico  <\/p>\n\n\n\n<p><\/p>\n\n\n\n<p class=\"has-text-color has-primary-color\"><strong>06 DE ABRIL<\/strong>                                 (clique para download dos resumos)<\/p>\n\n\n\n<p class=\"has-text-color has-primary-color\"><strong>9h-9h50h | MESA 1 | Comunidades: a\u00e7\u00f5es de difus\u00e3o e extens\u00e3o<\/strong><\/p>\n\n\n\n<p class=\"has-text-color has-dark-gray-color\"> <strong><a href=\"https:\/\/drive.google.com\/file\/d\/1ZYW7ebsypz820k3tDbZnlP7ubrEuSyH2\/view?usp=sharing\" target=\"_blank\" rel=\"noreferrer noopener\" aria-label=\" (abre numa nova aba)\">Sisal: Escrit\u00f3rio Modelo de Arquitetura e Urbanismo<\/a><\/strong> <strong>\/&nbsp;<\/strong>Coord. Profa. Dra.  Lucia Zanin Shimbo <\/p>\n\n\n\n<p class=\"has-text-color has-dark-gray-color\"><strong><a rel=\"noreferrer noopener\" aria-label=\"Educa\u00e7\u00e3o Inclusiva de jovens moradores de comunidades vulner\u00e1veis: explorando a pot\u00eancia da pr\u00e9-inicia\u00e7\u00e3o cient\u00edfica para pensar o enfrentamento de problemas locais a partir dos Objetivos do Desenvolvimento Sustent\u00e1vel (abre numa nova aba)\" href=\"https:\/\/drive.google.com\/file\/d\/1ZodqbsxnexCKB6eOMs_JOzTP1TfnT7v9\/view?usp=sharing\" target=\"_blank\">Educa\u00e7\u00e3o Inclusiva de jovens moradores de comunidades vulner\u00e1veis: explorando a pot\u00eancia da pr\u00e9-inicia\u00e7\u00e3o cient\u00edfica para pensar o enfrentamento de problemas locais a partir dos Objetivos do Desenvolvimento Sustent\u00e1vel<\/a> \/&nbsp;<\/strong>Coord. Prof. Dr. Marcel Fantin<\/p>\n\n\n\n<p class=\"has-text-color has-dark-gray-color\"><\/p>\n\n\n\n<p class=\"has-text-color has-primary-color\"><strong>10h-11h | MESA 2 | <\/strong> <strong>Comunidades: a\u00e7\u00f5es de difus\u00e3o e extens\u00e3o<\/strong> <\/p>\n\n\n\n<p class=\"has-text-color has-dark-gray-color\"><strong><a href=\"https:\/\/drive.google.com\/file\/d\/1_TnKFWqjfLIMu1d6ijabKRXQTupDk1I8\/view?usp=sharing\" target=\"_blank\" rel=\"noreferrer noopener\" aria-label=\" (abre numa nova aba)\">O Desenho como mediador das rela\u00e7\u00f5es entre lugares, saberes e pessoas<\/a> \/&nbsp;<\/strong>Coord. Profa. Dra.  Simone Helena Tanoue Vizioli <\/p>\n\n\n\n<p class=\"has-text-color has-dark-gray-color\"> <strong><a href=\"https:\/\/drive.google.com\/file\/d\/1Z3sxRL4dZf2F2nzUMIBKzefABfL9YQk2\/view?usp=sharing\" target=\"_blank\" rel=\"noreferrer noopener\" aria-label=\" (abre numa nova aba)\">Co-Escola: pr\u00e1ticas colaborativas para qualifica\u00e7\u00e3o de espa\u00e7os de escolas p\u00fablicas<\/a><\/strong> <strong>\/&nbsp;<\/strong>Coord. Prof. Dr.  David M. Sperling <\/p>\n\n\n\n<p class=\"has-text-color has-dark-gray-color\"> <strong><a href=\"https:\/\/drive.google.com\/file\/d\/1Zo--_ZKiIdnx6nJgHU2_wsx_DdnoLAXT\/view?usp=sharing\" target=\"_blank\" rel=\"noreferrer noopener\" aria-label=\" (abre numa nova aba)\">Caminhos da Juventude: oficina mapeando meu bairro<\/a><\/strong> \/ Coord. Prof. Dr. Marcel Fantin <\/p>\n\n\n\n<p class=\"has-text-color has-primary-color\"><strong>11h10-12h10 | MESA 3 | <\/strong> <strong>Comunidades: a\u00e7\u00f5es de difus\u00e3o e extens\u00e3o<\/strong> <\/p>\n\n\n\n<p class=\"has-text-color has-dark-gray-color\"> <strong><a href=\"https:\/\/drive.google.com\/file\/d\/1ZxsDe_pli78GcjHIWqm8xcyFvk59CySx\/view?usp=sharing\" target=\"_blank\" rel=\"noreferrer noopener\" aria-label=\" (abre numa nova aba)\">Projeto CON:FINIS e a documenta\u00e7\u00e3o do habitar em tempos de pandemia<\/a>  \/&nbsp;<\/strong>Coord. Prof. Dr.  Marcelo C. Tramontano <\/p>\n\n\n\n<p class=\"has-text-color has-dark-gray-color\"><strong><a href=\"https:\/\/drive.google.com\/file\/d\/1_PZEPx3uGm1fsaEGMxNax1hSxz1ZzZPx\/view?usp=sharing\" target=\"_blank\" rel=\"noreferrer noopener\" aria-label=\" (abre numa nova aba)\">Caminhos da Regi\u00e3o Central Paulista: articula\u00e7\u00e3o entre universidade e sociedade<\/a> \/&nbsp;<\/strong>Coord. Profa. Dra.  Simone Helena Tanoue Vizioli <\/p>\n\n\n\n<p class=\"has-text-color has-dark-gray-color\"><strong><a href=\"https:\/\/drive.google.com\/file\/d\/1ZQ4h_R9-WxEGfq8hgE7aAG2Lz7GfLKcz\/view?usp=sharing\" target=\"_blank\" rel=\"noreferrer noopener\" aria-label=\" (abre numa nova aba)\">CO-LAB S\u00e3o Carlos &#8211;&nbsp; plataforma aberta de ci\u00eancia e participa\u00e7\u00e3o cidad\u00e3<\/a> \/&nbsp;<\/strong> Coord. Prof. Dr.  David M. Sperling  <\/p>\n\n\n\n<p><\/p>\n\n\n\n<p class=\"has-text-color has-primary-color\"><strong>13h45-15h00 | MESA 4<\/strong> |  <strong>Produ\u00e7\u00e3o das Cidades: Educa\u00e7\u00e3o, Cultura e Cr\u00edtica Urbana \/ <\/strong> <strong>Produ\u00e7\u00e3o das Cidades:<\/strong> L<strong>egisla\u00e7\u00e3o Urbana, Projetos e Interven\u00e7\u00f5es<\/strong>  <\/p>\n\n\n\n<p class=\"has-text-color has-dark-gray-color\"><strong><a href=\"https:\/\/drive.google.com\/file\/d\/1ZeBZ6GEotBkGE7mnjh9vnC3_vQLBt_eQ\/view?usp=sharing\" target=\"_blank\" rel=\"noreferrer noopener\" aria-label=\" (abre numa nova aba)\">Equidade urbana em territ\u00f3rios do prec\u00e1rio: a\u00e7\u00f5es socioespaciais participativas em Parais\u00f3polis<\/a> \/&nbsp;<\/strong>Coord. Prof. Dr.  Manoel Rodrigues Alves <\/p>\n\n\n\n<p class=\"has-text-color has-dark-gray-color\"><strong><a href=\"https:\/\/drive.google.com\/file\/d\/1_JYKzYzfhMt_URdpkoMY28s4UN6GcMYw\/view?usp=sharing\" target=\"_blank\" rel=\"noreferrer noopener\" aria-label=\" (abre numa nova aba)\">Cartilha da Cidade: Cidadania para os Cidad\u00e3os<\/a><\/strong> <strong>\/&nbsp;<\/strong>Coord. Prof. Dr. Miguel A. Buzzar<\/p>\n\n\n\n<p class=\"has-text-color has-dark-gray-color\"><strong><a href=\"https:\/\/drive.google.com\/file\/d\/1ZTGnXgMhQJO-mYk4MUa9zYPBKKsLh9tr\/view?usp=sharing\" target=\"_blank\" rel=\"noreferrer noopener\" aria-label=\" (abre numa nova aba)\">Rios Urbanos &#8211; Urbaniza\u00e7\u00e3o, Meio Ambinte e Inclus\u00e3o Social<\/a> \/&nbsp;<\/strong>Coord. Prof. Dr. Jeferson C. Tavares<\/p>\n\n\n\n<p class=\"has-text-color has-dark-gray-color\"><strong><a href=\"https:\/\/drive.google.com\/file\/d\/1aVa4Mq-mLx4rK4ZLEmVw8XbOGeJNoeYg\/view?usp=sharing\" target=\"_blank\" rel=\"noreferrer noopener\" aria-label=\" (abre numa nova aba)\">Bacia do Greg\u00f3rio: Paisagem, Projetos e Pol\u00edticas<\/a> \/&nbsp;<\/strong>Coord. Prof. Dra.  Luciana Bongiovanni Martins Schenk  <\/p>\n\n\n\n<p class=\"has-text-color has-primary-color\"><strong>15h10-16h10 | MESA 5 |  <\/strong> <strong>Patrim\u00f4nio Arquitet\u00f4nico e Cultural: educa\u00e7\u00e3o e preserva\u00e7\u00e3o<\/strong>  <\/p>\n\n\n\n<p class=\"has-text-color has-dark-gray-color\"> <strong><a href=\"https:\/\/drive.google.com\/file\/d\/1ZQYaRX6Pp_j2FYv0SdjelP7DUOaNV20q\/view?usp=sharing\" target=\"_blank\" rel=\"noreferrer noopener\" aria-label=\" (abre numa nova aba)\">Mem\u00f3rias Negras<\/a><\/strong> <strong> \/&nbsp;<\/strong>Coord. Profa. Dra. Eulalia Portela Negrelos <\/p>\n\n\n\n<p class=\"has-text-color has-dark-gray-color\"><strong><a href=\"https:\/\/drive.google.com\/file\/d\/1_SsvsdwIeAbps14868Lt0xIWwYOqO4GA\/view?usp=sharing\" target=\"_blank\" rel=\"noreferrer noopener\" aria-label=\" (abre numa nova aba)\">Exposi\u00e7\u00e3o virtual do Centro de Divulga\u00e7\u00e3o Cient\u00edfica e Cultural da USP<\/a> \/&nbsp;<\/strong>Coord. Prof. Dra.  Simone Helena Tanoue Vizioli <\/p>\n\n\n\n<p class=\"has-text-color has-dark-gray-color\"> <strong><a href=\"https:\/\/drive.google.com\/file\/d\/1_KLukZlciVWiEwWa5dU2BdIoB95jX5Ns\/view?usp=sharing\" target=\"_blank\" rel=\"noreferrer noopener\" aria-label=\" (abre numa nova aba)\">CIDADE PARA TODOS: percep\u00e7\u00e3o, pertencimento e preserva\u00e7\u00e3o do patrim\u00f4nio cultural como forma de constitui\u00e7\u00e3o dos sentidos de coletividade na cidade de Bocaina-SP<\/a><\/strong> <strong> \/&nbsp;<\/strong>Coord. Prof. Dr. Paulo C. Castral<\/p>\n\n\n\n<p><\/p>\n\n\n\n<p class=\"has-text-color has-primary-color\"><strong>16h20-17h20 | MESA 6 | Desenvolvimento de Tecnologias e Processos<\/strong><\/p>\n\n\n\n<p class=\"has-text-color has-dark-gray-color\"><strong><a href=\"https:\/\/drive.google.com\/file\/d\/1YveA2DIESS4CgpwUp28PDOSiDeqwOSYd\/view?usp=sharing\" target=\"_blank\" rel=\"noreferrer noopener\" aria-label=\" (abre numa nova aba)\">Melhoria do desempenho ac\u00fastico e t\u00e9rmico das salas de aula do ensino fundamental no munic\u00edpio de S\u00e3o Carlos-SP<\/a> \/&nbsp;<\/strong>Coord. Profa. Dra. Akemi Ino<\/p>\n\n\n\n<p class=\"has-text-color has-dark-gray-color\"> <strong><a href=\"https:\/\/drive.google.com\/file\/d\/1ZXNV1sR2EPwIUaaxsNQxHQaDjV9MdS6w\/view?usp=sharing\" target=\"_blank\" rel=\"noreferrer noopener\" aria-label=\" (abre numa nova aba)\">O Canteiro como Escola: Forma\u00e7\u00e3o Profissional em Tecnologias Construtivas de Baixo Carbono<\/a><\/strong> <strong> \/<\/strong> Coord. Prof. Dr. Jo\u00e3o Marcos de Almeida Lopes<\/p>\n\n\n\n<p class=\"has-text-color has-dark-gray-color\"> <strong><a href=\"https:\/\/drive.google.com\/file\/d\/1_2muZY1A9Tu6cb1XmHNU8d3uIDmeogSl\/view?usp=sharing\" target=\"_blank\" rel=\"noreferrer noopener\" aria-label=\" (abre numa nova aba)\">Remote design studios<\/a><\/strong> <strong> \/&nbsp;<\/strong>Coord. Prof. Dr.&nbsp; Marcelo C. Tramontano <\/p>\n\n\n\n<p><\/p>\n\n\n\n<p class=\"has-text-color has-primary-color\"><strong>17h30-18h30 | MESA 7 | Divulga\u00e7\u00e3o cient\u00edfica:  Peri\u00f3dicos e Reposit\u00f3rio de Arquitetura e Urbanismo<\/strong> <\/p>\n\n\n\n<p class=\"has-text-color has-dark-gray-color\"><strong><a href=\"https:\/\/drive.google.com\/file\/d\/1_Y4sm6JOx6RB-BcUWBcotRqo2z-mhQIn\/view?usp=sharing\" target=\"_blank\" rel=\"noreferrer noopener\" aria-label=\" (abre numa nova aba)\">RISCO &#8211; Revista de Pesquisa em Arquitetura e Urbanismo<\/a><\/strong> \/ Coord.  Prof. Dr. Tom\u00e1s Antonio Moreira <\/p>\n\n\n\n<p class=\"has-text-color has-dark-gray-color\"><strong><a href=\"https:\/\/drive.google.com\/file\/d\/1_7DdPvZDBT2TXotzOW1LBRqTgNAKt24z\/view?usp=sharing\" target=\"_blank\" rel=\"noreferrer noopener\" aria-label=\" (abre numa nova aba)\">Revista V!RUS (V!RUS JOURNAL)<\/a><\/strong>  <strong>\/&nbsp;<\/strong> Coord.  Prof. Dr. Marcelo C. Tramontano <\/p>\n\n\n\n<p class=\"has-text-color has-dark-gray-color\"><strong><a href=\"https:\/\/drive.google.com\/file\/d\/1_BWHisnaTKie03c8vmg3Eu1S7Xf_qGwP\/view?usp=sharing\" target=\"_blank\" rel=\"noreferrer noopener\" aria-label=\" (abre numa nova aba)\">Publica\u00e7\u00e3o do Peri\u00f3dico Gest\u00e3o&amp;Tecnologia de Projetos<\/a><\/strong> \/  Coord.  Prof. Dr. Marcio Minto Fabricio<br><\/p>\n\n\n\n<p><\/p>\n\n\n\n<p class=\"has-text-color has-primary-color\"><strong>18h30-19h |  MESA DE ENCERRAMENTO<\/strong><\/p>\n\n\n\n<p><\/p>\n\n\n\n<p class=\"has-text-color has-primary-color\"><strong>19h30 | CONFRATERNIZA\u00c7\u00c3O<\/strong><\/p>\n\n\n\n<p class=\"has-text-color has-background has-primary-color has-primary-background-color\">x<\/p>\n","protected":false},"excerpt":{"rendered":"<p>05 DE ABRIL 18h30 | ABERTURA DE EXPOSI\u00c7\u00c3O: Projetos Programa Unificado de Bolsas Cultura e Extens\u00e3o IAU.USP (2015-2022) 19h | MESA DE ABERTURA Prof. Dr. David M. Sperling \/&nbsp;Presidente da CCEx-IAU.USP Prof. Dr. Joubert Jose Lancha \/&nbsp;Diretor do IAU.USP Prof. Dr. Hussam El Dine Zaher &#8211; Pr\u00f3-Reitor Adjunto de Cultura e Extens\u00e3o da USP 19h30 [&hellip;]<\/p>\n","protected":false},"author":1,"featured_media":0,"parent":0,"menu_order":0,"comment_status":"closed","ping_status":"closed","template":"","meta":{"footnotes":""},"class_list":["post-9","page","type-page","status-publish","hentry","entry"],"_links":{"self":[{"href":"https:\/\/www.iau.usp.br\/sem-ccex-2022\/index.php\/wp-json\/wp\/v2\/pages\/9","targetHints":{"allow":["GET"]}}],"collection":[{"href":"https:\/\/www.iau.usp.br\/sem-ccex-2022\/index.php\/wp-json\/wp\/v2\/pages"}],"about":[{"href":"https:\/\/www.iau.usp.br\/sem-ccex-2022\/index.php\/wp-json\/wp\/v2\/types\/page"}],"author":[{"embeddable":true,"href":"https:\/\/www.iau.usp.br\/sem-ccex-2022\/index.php\/wp-json\/wp\/v2\/users\/1"}],"replies":[{"embeddable":true,"href":"https:\/\/www.iau.usp.br\/sem-ccex-2022\/index.php\/wp-json\/wp\/v2\/comments?post=9"}],"version-history":[{"count":81,"href":"https:\/\/www.iau.usp.br\/sem-ccex-2022\/index.php\/wp-json\/wp\/v2\/pages\/9\/revisions"}],"predecessor-version":[{"id":425,"href":"https:\/\/www.iau.usp.br\/sem-ccex-2022\/index.php\/wp-json\/wp\/v2\/pages\/9\/revisions\/425"}],"wp:attachment":[{"href":"https:\/\/www.iau.usp.br\/sem-ccex-2022\/index.php\/wp-json\/wp\/v2\/media?parent=9"}],"curies":[{"name":"wp","href":"https:\/\/api.w.org\/{rel}","templated":true}]}}