{"id":2,"date":"2019-09-26T14:24:08","date_gmt":"2019-09-26T17:24:08","guid":{"rendered":"https:\/\/www.iau.usp.br\/sem-ccex-2019\/?page_id=2"},"modified":"2025-05-14T15:19:20","modified_gmt":"2025-05-14T18:19:20","slug":"pagina-exemplo","status":"publish","type":"page","link":"https:\/\/www.iau.usp.br\/sem-ccex-2025\/","title":{"rendered":"Sobre o Semin\u00e1rio"},"content":{"rendered":"\n<p><\/p>\n\n\n\n<ul class=\"wp-block-gallery columns-1 is-cropped wp-block-gallery-1 is-layout-flex wp-block-gallery-is-layout-flex\"><li class=\"blocks-gallery-item\"><figure><img loading=\"lazy\" decoding=\"async\" width=\"1024\" height=\"337\" src=\"https:\/\/www.iau.usp.br\/sem-ccex-2025\/wp-content\/uploads\/2025\/05\/site-capa-1024x337.jpg\" alt=\"\" data-id=\"530\" data-link=\"https:\/\/www.iau.usp.br\/sem-ccex-2025\/index.php\/pagina-exemplo\/site\/\" class=\"wp-image-530\" srcset=\"https:\/\/www.iau.usp.br\/sem-ccex-2025\/wp-content\/uploads\/2025\/05\/site-capa-1024x337.jpg 1024w, https:\/\/www.iau.usp.br\/sem-ccex-2025\/wp-content\/uploads\/2025\/05\/site-capa-300x99.jpg 300w, https:\/\/www.iau.usp.br\/sem-ccex-2025\/wp-content\/uploads\/2025\/05\/site-capa-768x253.jpg 768w, https:\/\/www.iau.usp.br\/sem-ccex-2025\/wp-content\/uploads\/2025\/05\/site-capa.jpg 1568w\" sizes=\"auto, (max-width: 1024px) 100vw, 1024px\" \/><\/figure><\/li><\/ul>\n\n\n\n<p>No dia 14 de maio de 2025, no Instituto de Arquitetura e Urbanismo da Universidade de S\u00e3o Paulo, ocorre o&nbsp;<strong>III Semin\u00e1rio de Cultura e Extens\u00e3o IAU-USP 2025.<\/strong><\/p>\n\n\n\n<p>Reafirmando um de seus compromissos centrais, a Universidade de S\u00e3o Paulo vem fortalecendo a pr\u00e1tica da extens\u00e3o universit\u00e1ria por meio de a\u00e7\u00f5es dial\u00f3gicas que integram a forma\u00e7\u00e3o acad\u00eamica dos estudantes \u00e0s realidades e necessidades das comunidades. O &#8220;3\u00ba Semin\u00e1rio de Cultura e Extens\u00e3o do IAU USP &#8211; 2025\u201d refor\u00e7a essa diretriz, configurando-se como um espa\u00e7o de debate sobre as diversas iniciativas de Cultura e Extens\u00e3o realizadas pelo IAU-USP.\u00a0A programa\u00e7\u00e3o incluir\u00e1 a participa\u00e7\u00e3o do  Prof. Dr. Iran\u00a0Jos\u00e9 Oliveira da Silva (ESALQ) \u2013 Assessor T\u00e9cnico do Gabinete da Pr\u00f3-Reitoria de Cultura e Extens\u00e3o. Est\u00e3o previstas mesas tem\u00e1ticas com apresenta\u00e7\u00f5es e debates sobre projetos realizados entre 2022 e 2025, lan\u00e7amentos de publica\u00e7\u00f5es e uma mostra dos trabalhos vinculados \u00e0 vertente de Cultura e Extens\u00e3o do Programa Unificado de Bolsas (PUB). O evento acontecer\u00e1 no dia 14 de maio de 2025, no Audit\u00f3rio Paulo de Camargo e no P\u00e1tio do IAU-USP.<\/p>\n\n\n\n<p class=\"has-text-color has-dark-gray-color\">O evento ser\u00e1 transmitido pelo Canal do Youtube do IAU: <a href=\"https:\/\/www.youtube.com\/user\/iauusp\" target=\"_blank\" rel=\"noreferrer noopener\" aria-label=\"https:\/\/www.youtube.com\/user\/iauusp (abre numa nova aba)\">https:\/\/www.youtube.com\/user\/iauusp<\/a><\/p>\n\n\n\n<p class=\"has-text-color has-background has-primary-color has-white-background-color\"><\/p>\n","protected":false},"excerpt":{"rendered":"<p>No dia 14 de maio de 2025, no Instituto de Arquitetura e Urbanismo da Universidade de S\u00e3o Paulo, ocorre o&nbsp;III Semin\u00e1rio de Cultura e Extens\u00e3o IAU-USP 2025. Reafirmando um de seus compromissos centrais, a Universidade de S\u00e3o Paulo vem fortalecendo a pr\u00e1tica da extens\u00e3o universit\u00e1ria por meio de a\u00e7\u00f5es dial\u00f3gicas que integram a forma\u00e7\u00e3o acad\u00eamica [&hellip;]<\/p>\n","protected":false},"author":1,"featured_media":0,"parent":0,"menu_order":0,"comment_status":"closed","ping_status":"open","template":"","meta":{"footnotes":""},"class_list":["post-2","page","type-page","status-publish","hentry","entry"],"_links":{"self":[{"href":"https:\/\/www.iau.usp.br\/sem-ccex-2025\/index.php\/wp-json\/wp\/v2\/pages\/2","targetHints":{"allow":["GET"]}}],"collection":[{"href":"https:\/\/www.iau.usp.br\/sem-ccex-2025\/index.php\/wp-json\/wp\/v2\/pages"}],"about":[{"href":"https:\/\/www.iau.usp.br\/sem-ccex-2025\/index.php\/wp-json\/wp\/v2\/types\/page"}],"author":[{"embeddable":true,"href":"https:\/\/www.iau.usp.br\/sem-ccex-2025\/index.php\/wp-json\/wp\/v2\/users\/1"}],"replies":[{"embeddable":true,"href":"https:\/\/www.iau.usp.br\/sem-ccex-2025\/index.php\/wp-json\/wp\/v2\/comments?post=2"}],"version-history":[{"count":38,"href":"https:\/\/www.iau.usp.br\/sem-ccex-2025\/index.php\/wp-json\/wp\/v2\/pages\/2\/revisions"}],"predecessor-version":[{"id":579,"href":"https:\/\/www.iau.usp.br\/sem-ccex-2025\/index.php\/wp-json\/wp\/v2\/pages\/2\/revisions\/579"}],"wp:attachment":[{"href":"https:\/\/www.iau.usp.br\/sem-ccex-2025\/index.php\/wp-json\/wp\/v2\/media?parent=2"}],"curies":[{"name":"wp","href":"https:\/\/api.w.org\/{rel}","templated":true}]}}