{"id":53,"date":"2019-09-27T13:01:50","date_gmt":"2019-09-27T16:01:50","guid":{"rendered":"https:\/\/www.iau.usp.br\/sem-ccex-2019\/?page_id=53"},"modified":"2026-04-02T13:49:15","modified_gmt":"2026-04-02T16:49:15","slug":"exposicao","status":"publish","type":"page","link":"https:\/\/www.iau.usp.br\/sem-ccex-2025\/index.php\/exposicao\/","title":{"rendered":"Exposi\u00e7\u00e3o"},"content":{"rendered":"\n<figure class=\"wp-block-image size-large\"><a href=\"https:\/\/www.iau.usp.br\/sem-ccex-2025\/index.php\/ebook\/\"><img loading=\"lazy\" decoding=\"async\" width=\"1024\" height=\"166\" src=\"https:\/\/www.iau.usp.br\/sem-ccex-2025\/wp-content\/uploads\/2026\/04\/Banner_ebook-1024x166.png\" alt=\"\" class=\"wp-image-588\" srcset=\"https:\/\/www.iau.usp.br\/sem-ccex-2025\/wp-content\/uploads\/2026\/04\/Banner_ebook-1024x166.png 1024w, https:\/\/www.iau.usp.br\/sem-ccex-2025\/wp-content\/uploads\/2026\/04\/Banner_ebook-300x49.png 300w, https:\/\/www.iau.usp.br\/sem-ccex-2025\/wp-content\/uploads\/2026\/04\/Banner_ebook-768x124.png 768w, https:\/\/www.iau.usp.br\/sem-ccex-2025\/wp-content\/uploads\/2026\/04\/Banner_ebook-1536x249.png 1536w, https:\/\/www.iau.usp.br\/sem-ccex-2025\/wp-content\/uploads\/2026\/04\/Banner_ebook-1568x254.png 1568w, https:\/\/www.iau.usp.br\/sem-ccex-2025\/wp-content\/uploads\/2026\/04\/Banner_ebook.png 1760w\" sizes=\"auto, (max-width: 1024px) 100vw, 1024px\" \/><\/a><\/figure>\n\n\n\n<figure class=\"wp-block-image\"><img loading=\"lazy\" decoding=\"async\" width=\"1024\" height=\"337\" src=\"https:\/\/www.iau.usp.br\/sem-ccex-2025\/wp-content\/uploads\/2025\/05\/site-capa-1024x337.jpg\" alt=\"\" class=\"wp-image-530\" srcset=\"https:\/\/www.iau.usp.br\/sem-ccex-2025\/wp-content\/uploads\/2025\/05\/site-capa-1024x337.jpg 1024w, https:\/\/www.iau.usp.br\/sem-ccex-2025\/wp-content\/uploads\/2025\/05\/site-capa-300x99.jpg 300w, https:\/\/www.iau.usp.br\/sem-ccex-2025\/wp-content\/uploads\/2025\/05\/site-capa-768x253.jpg 768w, https:\/\/www.iau.usp.br\/sem-ccex-2025\/wp-content\/uploads\/2025\/05\/site-capa.jpg 1568w\" sizes=\"auto, (max-width: 1024px) 100vw, 1024px\" \/><\/figure>\n\n\n\n<p class=\"has-dark-gray-color has-white-background-color has-text-color has-background\">14 a 31 de maio de 2025                    (P\u00e1tio do IAU-USP)<\/p>\n\n\n\n<p><\/p>\n\n\n\n<p class=\"has-primary-color has-text-color\"><strong>Projetos Programa Unificado de Bolsas modalidade Cultura e Extens\u00e3o 2022-2024<\/strong><\/p>\n\n\n\n<p class=\"has-primary-color has-text-color\"><strong>2022-23<\/strong><\/p>\n\n\n\n<p><a href=\"https:\/\/drive.google.com\/file\/d\/1Mge3Qo-U2YAB2rwtnUYJWqwr87XxJy3M\/view?usp=sharing\" target=\"_blank\" rel=\"noreferrer noopener\" aria-label=\"Projeto caminhos da juventude: articula\u00e7\u00e3o entre a universidade e o ensino fundamental para a constru\u00e7\u00e3o da cidadania e do desenvolvimento sustent\u00e1vel (abre numa nova aba)\">Projeto caminhos da juventude: articula\u00e7\u00e3o entre a universidade e o ensino fundamental para a constru\u00e7\u00e3o da cidadania e do desenvolvimento sustent\u00e1vel<\/a> | Aluno: Erick Rodrigues de Souza | Orientador: Marcel Fantin<\/p>\n\n\n\n<p class=\"has-dark-gray-color has-text-color\"><a href=\"https:\/\/drive.google.com\/file\/d\/11_beVluqiTgpiyLs1HlyyM3meRWcpSiA\/view?usp=sharing\" target=\"_blank\" rel=\"noreferrer noopener\" aria-label=\"Cartilha da cidade\/oficinas urbanas: direito \u00e0 cidade e os objetivos do desenvolvimento sustent\u00e1vel (ODS) (abre numa nova aba)\">Cartilha da cidade\/oficinas urbanas: direito \u00e0 cidade e os objetivos do desenvolvimento sustent\u00e1vel (ODS)<\/a> | Aluno: Felipe Augusto Paulino da Cruz  | Orientador: Miguel Ant\u00f4nio Buzzar<\/p>\n\n\n\n<p><a href=\"https:\/\/drive.google.com\/file\/d\/12RLB1uBav3VI1LrHWQT_IrI_zpzOLGKL\/view?usp=sharing\" target=\"_blank\" rel=\"noreferrer noopener\" aria-label=\"Rede social como espa\u00e7o de di\u00e1logos sobre patrim\u00f4nio cultural: a cidade para todos Bocaina (abre numa nova aba)\">Rede social como espa\u00e7o de di\u00e1logos sobre patrim\u00f4nio cultural: a cidade para todos Bocaina<\/a> | Aluna: Beatriz Habermann | Orientador: Paulo Cesar Castral<\/p>\n\n\n\n<p> <a href=\"https:\/\/drive.google.com\/file\/d\/1oGnnQfa7sFeKJNRT6qm4yTMPwJnK_irr\/view?usp=sharing\" target=\"_blank\" rel=\"noreferrer noopener\" aria-label=\"Documenta\u00e7\u00e3o de monumentos de \u00e1reas p\u00fablicas do munic\u00edpio de S\u00e3o Carlo (abre numa nova aba)\">Documenta\u00e7\u00e3o de monumentos de \u00e1reas p\u00fablicas do munic\u00edpio de S\u00e3o Carlo<\/a>s | Aluna: Let\u00edcia Souza Vieira  | Orientadora: Simone Helena Tanoue Vizioli<\/p>\n\n\n\n<p class=\"has-primary-color has-text-color\"><strong>2023-24<\/strong><\/p>\n\n\n\n<p class=\"has-dark-gray-color has-text-color\"><a href=\"https:\/\/drive.google.com\/file\/d\/1H5nBxRPgauESKsRSKvUC6ZMieiWGrjB9\/view?usp=sharing\" target=\"_blank\" rel=\"noreferrer noopener\" aria-label=\"Projeto cidade que educa - transformando ruas, bairros e pessoas (abre numa nova aba)\">Projeto cidade que educa &#8211; transformando ruas, bairros e pessoas<\/a> | Alunas: Joana Ramos | Orientadora: Amanda Saba Ruggiero<\/p>\n\n\n\n<p><a rel=\"noreferrer noopener\" aria-label=\" (abre numa nova aba)\" href=\"https:\/\/drive.google.com\/file\/d\/1WhTfLCi70DZkTbyUX9-wBVqvcVmNhT7W\/view?usp=sharing\" target=\"_blank\">Imaginar cidades outras: t\u00e1ticas e t\u00e9cnicas criativas como meio ao direito \u00e0 cidade<\/a> | Alunas: Julia Andrade de Souza e Laura Mendes Silva | Orientadora: Carolina Akemi Martins Morita Nakahara<\/p>\n\n\n\n<p><a href=\"https:\/\/drive.google.com\/file\/d\/1pdayyOrCn7jy8o9EnaAsdL_UuyX-IojS\/view?usp=sharing\" target=\"_blank\" rel=\"noreferrer noopener\" aria-label=\"Rastros, apagamentos e coexist\u00eancias: uma cartografia do ch\u00e3o do Bixiga (abre numa nova aba)\">Rastros, apagamentos e coexist\u00eancias: uma cartografia do ch\u00e3o do Bixiga<\/a> | Alunas: Julia Lima Reis e Vit\u00f3ria Serafim de Santana | Orientador: David M. Sperling<\/p>\n\n\n\n<p><a href=\"https:\/\/drive.google.com\/file\/d\/1OgFuGSLqMZPMFt2ldXF7ePO3qBJ76VBp\/view?usp=sharing\" target=\"_blank\" rel=\"noreferrer noopener\" aria-label=\"Atividades de extens\u00e3o em territ\u00f3rios do prec\u00e1rio. Ambiente e sa\u00fade p\u00fablica, equidade e biodiversidade urbana (abre numa nova aba)\">Atividades de extens\u00e3o em territ\u00f3rios do prec\u00e1rio. Ambiente e sa\u00fade p\u00fablica, equidade e biodiversidade urbana<\/a> | Alunas: Julia Delfino Costa Maia e Ana Clara Sena Iacope | Orientador: Manoel Rodrigues Alves <\/p>\n\n\n\n<p><a href=\"https:\/\/drive.google.com\/file\/d\/12FhDeptnK1SgA_O56PCNSd51wDblVqei\/view?usp=sharing\" target=\"_blank\" rel=\"noreferrer noopener\" aria-label=\"A\u00e7\u00f5es extensionistas com escolas p\u00fablicas e prefeituras: plataforma de monitoramento das \u00e1reas verdes urbanas do estado de S\u00e3o Paulo - Urbverde (abre numa nova aba)\">A\u00e7\u00f5es extensionistas com escolas p\u00fablicas e prefeituras: plataforma de monitoramento das \u00e1reas verdes urbanas do estado de S\u00e3o Paulo &#8211; Urbverde<\/a> | Alunas: Marcela Fernandes da Costa \/ EESC-USP; Isabella Mateus Lous\u00e3o \/ EESC-USP; Gabriela Ferreira Coelho \/ EESC-USP | Orientador: Marcel Fantin<\/p>\n\n\n\n<p><a href=\"https:\/\/drive.google.com\/file\/d\/1ail8xNrnB21PYe_P4O6T-o0VzEs9rn7D\/view?usp=sharing\" target=\"_blank\" rel=\"noreferrer noopener\" aria-label=\"Cartilha da Cidade: Forma\u00e7\u00e3o cidade (abre numa nova aba)\">Cartilha da Cidade: Forma\u00e7\u00e3o cidade<\/a> | Aluna: Brenda de Castro Fran\u00e7a | Orientador: Miguel Ant\u00f4nio Buzzar<\/p>\n\n\n\n<p><a href=\"https:\/\/drive.google.com\/file\/d\/1jR7cu4OS8XDiBLUNmu9AjkRmD3heHpyJ\/view?usp=sharing\" target=\"_blank\" rel=\"noreferrer noopener\" aria-label=\"Patrim\u00f4nio cultural de S\u00e3o Carlos: documenta\u00e7\u00e3o participativa, pertencimento e preserva\u00e7\u00e3o (abre numa nova aba)\">Patrim\u00f4nio cultural de S\u00e3o Carlos: documenta\u00e7\u00e3o participativa, pertencimento e preserva\u00e7\u00e3o<\/a> | Aluna: Camila Domingues Marciano | Orientadora:  Simone Helena Tanoue Vizioli <\/p>\n\n\n\n<p class=\"has-primary-color has-text-color\"><strong>2024-25<\/strong><\/p>\n\n\n\n<p><a href=\"https:\/\/drive.google.com\/file\/d\/1EHCi1luTP162WhjpkuByF2pf65lO1QoE\/view?usp=sharing\" target=\"_blank\" rel=\"noreferrer noopener\" aria-label=\"Produ\u00e7\u00e3o de cat\u00e1logo de sambladuras via modelagem BIM aplicada ao Patrim\u00f4nio Arquitet\u00f4nico do Vale do Ribeira: Resid\u00eancia Suzu Okiyama (abre numa nova aba)\">Produ\u00e7\u00e3o de cat\u00e1logo de sambladuras via modelagem BIM aplicada ao Patrim\u00f4nio Arquitet\u00f4nico do Vale do Ribeira: Resid\u00eancia Suzu Okiyama<\/a> | Aluna: J\u00falia Kanomata Bones  | Orientadora: Akemi Ino<\/p>\n\n\n\n<p><a href=\"https:\/\/drive.google.com\/file\/d\/1H5nBxRPgauESKsRSKvUC6ZMieiWGrjB9\/view?usp=sharing\" target=\"_blank\" rel=\"noreferrer noopener\" aria-label=\"Projeto cidade que educa - transformando ruas e bairros (abre numa nova aba)\">Projeto cidade que educa &#8211; transformando ruas e bairros<\/a> | Aluna: Ana Julia Xavier Scopel | Orientadora:  Amanda Saba Ruggiero  <\/p>\n\n\n\n<p><a href=\"https:\/\/drive.google.com\/file\/d\/1nFSzkFBRA5-01reJ088OIrBc1xfVyIEZ\/view?usp=sharing\">Imaginar cidades outras: t\u00e1ticas e t\u00e9cnicas criativas como meio ao direito \u00e0 cidade<\/a> | Aluna: Clara Salom\u00e9 Trevisan  | Orientadora:  Carolina Akemi Martins Morita Nakahara   <\/p>\n\n\n\n<p><a href=\"https:\/\/drive.google.com\/file\/d\/1DOSDyoS8Us2GkWCQzq0_mA6gIpmjKwkT\/view?usp=sharing\" target=\"_blank\" rel=\"noreferrer noopener\" aria-label=\"O ambiente constru\u00eddo e a interlocu\u00e7\u00e3o com a comunidade brasileira e latino-americana em atividades de cultura e extens\u00e3o em S\u00e3o Carlos, SP (abre numa nova aba)\">O ambiente constru\u00eddo e a interlocu\u00e7\u00e3o com a comunidade brasileira e latino-americana em atividades de cultura e extens\u00e3o em S\u00e3o Carlos, SP<\/a> | Aluno: Samuel Correia Serejo | Orientadora: Kelen Almeida Dornelles<\/p>\n\n\n\n<p><a href=\"https:\/\/drive.google.com\/file\/d\/1Dscb5S_692AGAGdU_QYLXanq9gghGIpR\/view?usp=sharing\">Novo IAU: Pesquisa e Documenta\u00e7\u00e3o visual de edif\u00edcio e do trabalho em canteiro<\/a> | Aluna: Clara Parente Mendes de Oliveira | Orientador: Luciano Bernardino da Costa<\/p>\n\n\n\n<p><a href=\"https:\/\/drive.google.com\/file\/d\/1nZlB85AGhHOBRVXyXxcmyH1qHmWvjiTB\/view?usp=sharing\" target=\"_blank\" rel=\"noreferrer noopener\" aria-label=\"Urbanismo vertical e narrativas da verticaliza\u00e7\u00e3o, S\u00e3o Paulo (Exposi\u00e7\u00e3o) (abre numa nova aba)\">Urbanismo vertical e narrativas da verticaliza\u00e7\u00e3o, S\u00e3o Paulo (Exposi\u00e7\u00e3o)<\/a> | Aluna: Julia Delfino Costa Maia | Orientador: Manoel Rodrigues Alves<\/p>\n\n\n\n<p><a href=\"https:\/\/drive.google.com\/file\/d\/1VhGAU-IgC3IHdjKmbUIbd_btHjr4y1OJ\/view?usp=sharing\">UrbVerde: Plataforma para transforma\u00e7\u00e3o social e apoio \u00e0 tomada de decis\u00f5es p\u00fablicas<\/a> | Alunos: Vitor Antonio de Almeida Lacerda \/ ICMC-USP;  Guilherme Henrique Bueno de Freitas \/  ICMC-USP; Ana L\u00edvia de Magalh\u00e3es Garbin \/  ICMC-USP;  Felipe Carvalho \/  ICMC-USP<\/p>\n\n\n\n<p><a href=\"https:\/\/drive.google.com\/file\/d\/1-SHF-aMrQETUaJcYdBerhJvmurtKgH4_\/view?usp=sharing\" target=\"_blank\" rel=\"noreferrer noopener\" aria-label=\"Cartilha da Cidade: Emerg\u00eancia Clim\u00e1tica (abre numa nova aba)\">Cartilha da Cidade: Emerg\u00eancia Clim\u00e1tica<\/a> | Aluna: Lara Tucunduva Hirota | Orientador: Miguel Antonio Buzzar<\/p>\n\n\n\n<p><a href=\"https:\/\/drive.google.com\/file\/d\/1BFlcNx6L7SpRsEq3ChuSay8vbrGZo57x\/view?usp=sharing\" target=\"_blank\" rel=\"noreferrer noopener\" aria-label=\"Inventariando batuques e mem\u00f3rias: o carnaval como manifesta\u00e7\u00e3o cultural na Vila Izabel, S\u00e3o Carlos-SP (abre numa nova aba)\">Inventariando batuques e mem\u00f3rias: o carnaval como manifesta\u00e7\u00e3o cultural na Vila Izabel, S\u00e3o Carlos-SP<\/a> | Aluno: Vitor Daniel Menck | Orientador: Paulo Cesar Castral<\/p>\n\n\n\n<p><a href=\"https:\/\/drive.google.com\/file\/d\/1jR7cu4OS8XDiBLUNmu9AjkRmD3heHpyJ\/view?usp=sharing\" target=\"_blank\" rel=\"noreferrer noopener\" aria-label=\"Patrim\u00f4nio cultural de S\u00e3o Carlos: documenta\u00e7\u00e3o participativa, pertencimento e preserva\u00e7\u00e3o (abre numa nova aba)\">Patrim\u00f4nio cultural de S\u00e3o Carlos: documenta\u00e7\u00e3o participativa, pertencimento e preserva\u00e7\u00e3o<\/a> | Aluna: Luiza Faccin dos Santos | Orientadora:  Simone Helena Tanoue Vizioli <\/p>\n\n\n\n<p class=\"has-primary-color has-white-background-color has-text-color has-background\"><\/p>\n","protected":false},"excerpt":{"rendered":"<p>14 a 31 de maio de 2025 (P\u00e1tio do IAU-USP) Projetos Programa Unificado de Bolsas modalidade Cultura e Extens\u00e3o 2022-2024 2022-23 Projeto caminhos da juventude: articula\u00e7\u00e3o entre a universidade e o ensino fundamental para a constru\u00e7\u00e3o da cidadania e do desenvolvimento sustent\u00e1vel | Aluno: Erick Rodrigues de Souza | Orientador: Marcel Fantin Cartilha da cidade\/oficinas [&hellip;]<\/p>\n","protected":false},"author":1,"featured_media":0,"parent":0,"menu_order":0,"comment_status":"closed","ping_status":"closed","template":"","meta":{"footnotes":""},"class_list":["post-53","page","type-page","status-publish","hentry","entry"],"_links":{"self":[{"href":"https:\/\/www.iau.usp.br\/sem-ccex-2025\/index.php\/wp-json\/wp\/v2\/pages\/53","targetHints":{"allow":["GET"]}}],"collection":[{"href":"https:\/\/www.iau.usp.br\/sem-ccex-2025\/index.php\/wp-json\/wp\/v2\/pages"}],"about":[{"href":"https:\/\/www.iau.usp.br\/sem-ccex-2025\/index.php\/wp-json\/wp\/v2\/types\/page"}],"author":[{"embeddable":true,"href":"https:\/\/www.iau.usp.br\/sem-ccex-2025\/index.php\/wp-json\/wp\/v2\/users\/1"}],"replies":[{"embeddable":true,"href":"https:\/\/www.iau.usp.br\/sem-ccex-2025\/index.php\/wp-json\/wp\/v2\/comments?post=53"}],"version-history":[{"count":84,"href":"https:\/\/www.iau.usp.br\/sem-ccex-2025\/index.php\/wp-json\/wp\/v2\/pages\/53\/revisions"}],"predecessor-version":[{"id":595,"href":"https:\/\/www.iau.usp.br\/sem-ccex-2025\/index.php\/wp-json\/wp\/v2\/pages\/53\/revisions\/595"}],"wp:attachment":[{"href":"https:\/\/www.iau.usp.br\/sem-ccex-2025\/index.php\/wp-json\/wp\/v2\/media?parent=53"}],"curies":[{"name":"wp","href":"https:\/\/api.w.org\/{rel}","templated":true}]}}