{"id":9,"date":"2019-09-27T08:52:48","date_gmt":"2019-09-27T11:52:48","guid":{"rendered":"https:\/\/www.iau.usp.br\/sem-ccex-2019\/?page_id=9"},"modified":"2025-06-05T15:50:54","modified_gmt":"2025-06-05T18:50:54","slug":"programa","status":"publish","type":"page","link":"https:\/\/www.iau.usp.br\/sem-ccex-2025\/index.php\/programa\/","title":{"rendered":"Programa"},"content":{"rendered":"\n<figure class=\"wp-block-image\"><img loading=\"lazy\" decoding=\"async\" width=\"1024\" height=\"337\" src=\"https:\/\/www.iau.usp.br\/sem-ccex-2025\/wp-content\/uploads\/2025\/05\/site-capa-1024x337.jpg\" alt=\"\" class=\"wp-image-530\" srcset=\"https:\/\/www.iau.usp.br\/sem-ccex-2025\/wp-content\/uploads\/2025\/05\/site-capa-1024x337.jpg 1024w, https:\/\/www.iau.usp.br\/sem-ccex-2025\/wp-content\/uploads\/2025\/05\/site-capa-300x99.jpg 300w, https:\/\/www.iau.usp.br\/sem-ccex-2025\/wp-content\/uploads\/2025\/05\/site-capa-768x253.jpg 768w, https:\/\/www.iau.usp.br\/sem-ccex-2025\/wp-content\/uploads\/2025\/05\/site-capa.jpg 1568w\" sizes=\"auto, (max-width: 1024px) 100vw, 1024px\" \/><\/figure>\n\n\n\n<p class=\"has-text-color has-background has-dark-gray-color has-white-background-color\"><strong>14 de Maio de 2025<\/strong><\/p>\n\n\n\n<p class=\"has-text-color has-primary-color\"><strong>8h30 | ABERTURA DE EXPOSI\u00c7\u00c3O: Projetos Programa Unificado de Bolsas  Cultura e Extens\u00e3o IAU.USP (2022-2024)<\/strong><\/p>\n\n\n\n<p>P\u00e1tio da P\u00f3s-Gradua\u00e7\u00e3o do IAU USP<\/p>\n\n\n\n<p class=\"has-text-color has-primary-color\"><strong>9h | MESA DE ABERTURA<\/strong><\/p>\n\n\n\n<p>Profa. Dra. Simone H T Vizioli &#8211; Presidenta da CCEx-IAU USP e Prof. Dr. Luciano Bernardino da Costa &#8211; Vice-Presidente da CCEx-IAU USP <\/p>\n\n\n\n<p>Prof. Dr. Jo\u00e3o Marcos de Almeida Lopes &#8211; Diretor do IAU USP e Profa. Dra. Akemi Ino  &#8211; Vice-Diretora do IAU USP <\/p>\n\n\n\n<p> Prof. Dr. Iran&nbsp;Jos\u00e9 Oliveira da Silva (ESALQ) &#8211; Assessor T\u00e9cnico do Gabinete da Pr\u00f3-Reitora de Cultura e Extens\u00e3o da USP<\/p>\n\n\n\n<p><\/p>\n\n\n\n<p class=\"has-text-color has-primary-color\"><strong>9h30 | MESA 1 |&nbsp; DESENVOLVIMENTO DE TECNOLOGIAS E PROCESSOS CONSTRUTIVOS<\/strong><\/p>\n\n\n\n<p>Audit\u00f3rio Paulo de Camargo &#8211; IAU USP<\/p>\n\n\n\n<p>Media\u00e7\u00e3o: Simone  H T Vizioli <\/p>\n\n\n\n<p>  Jo\u00e3o Marcos de Almeida Lopes <\/p>\n\n\n\n<ul class=\"wp-block-list\"><li><a rel=\"noreferrer noopener\" aria-label=\"Modelo reduzido: ab\u00f3badas experimentais de S\u00e9rgio Ferro - resid\u00eancia Bernardo Issler (abre numa nova aba)\" href=\"https:\/\/drive.google.com\/file\/d\/14ioPQ1TYKlEowBze7t97aAexYq-WfT5y\/view?usp=sharing\" target=\"_blank\">Modelo reduzido: ab\u00f3badas experimentais de S\u00e9rgio Ferro &#8211; resid\u00eancia Bernardo Issler<\/a><\/li><li><a rel=\"noreferrer noopener\" aria-label=\"O canteiro como escola: constru\u00e7\u00e3o de geod\u00e9sica de bambu como experi\u00eancia pedag\u00f3gica (abre numa nova aba)\" href=\"https:\/\/drive.google.com\/file\/d\/1say4Cdfvhf6mb3jzfN2OFGoAXhvuhZiY\/view?usp=sharing\" target=\"_blank\">O canteiro como escola: constru\u00e7\u00e3o de geod\u00e9sica de bambu como experi\u00eancia pedag\u00f3gica<\/a><\/li><li><a href=\"https:\/\/drive.google.com\/file\/d\/17MUJCNqq3JfK2cHrfUpCPJ0odjv16Qck\/view?usp=sharing\" target=\"_blank\" rel=\"noreferrer noopener\" aria-label=\"Taipa de Pil\u00e3o (abre numa nova aba)\">Taipa de Pil\u00e3o<\/a><\/li><\/ul>\n\n\n\n<p>    Akemi Ino  <\/p>\n\n\n\n<ul class=\"wp-block-list\"><li><a rel=\"noreferrer noopener\" aria-label=\"Canteiro escola: taipa de m\u00e3o e taipa tipo japonesa\u2028 (abre numa nova aba)\" href=\"https:\/\/drive.google.com\/file\/d\/1TDUoFqo8NxQlQy8QDWrbegdlZs71OLPY\/view?usp=sharing\" target=\"_blank\">Canteiro escola: taipa de m\u00e3o e taipa tipo japonesa<\/a><\/li><li><a rel=\"noreferrer noopener\" aria-label=\"Canteiro escola \u2013 t\u00e9cnica de constru\u00e7\u00e3o com terra - Adobillo - Bloco de Terra-Palha (abre numa nova aba)\" href=\"https:\/\/drive.google.com\/file\/d\/1rybwtvQ7kj_CAndrkXkLNMkJ5tHmyPGA\/view?usp=sharing\" target=\"_blank\">Canteiro escola \u2013 t\u00e9cnica de constru\u00e7\u00e3o com terra &#8211; Adobillo &#8211; Bloco de Terra-Palha<\/a><\/li><li><a rel=\"noreferrer noopener\" aria-label=\"Canteiro escola: constru\u00e7\u00e3o de um deck de madeira no Instituto de Arquitetura e Urbanismo (IAU-USP) (abre numa nova aba)\" href=\"https:\/\/drive.google.com\/file\/d\/1v1h7bXOC3jeem0DcEWYopaTW5YY4CyIQ\/view?usp=sharing\" target=\"_blank\">Canteiro escola: constru\u00e7\u00e3o de um deck de madeira no Instituto de Arquitetura e Urbanismo (IAU-USP)<\/a><\/li><li><a href=\"https:\/\/drive.google.com\/file\/d\/1eysSbGLJn0_aF2axsP22SA_8KoY_YF7I\/view?usp=sharing\" target=\"_blank\" rel=\"noreferrer noopener\" aria-label=\"Guia pr\u00e1tico para mitiga\u00e7\u00e3o de problemas ac\u00fasticos em escolas: Experi\u00eancia do projeto de extens\u00e3o universit\u00e1ria  (abre numa nova aba)\">Guia pr\u00e1tico para mitiga\u00e7\u00e3o de problemas ac\u00fasticos em escolas: Experi\u00eancia do projeto de extens\u00e3o universit\u00e1ria <\/a><\/li><li><a rel=\"noreferrer noopener\" aria-label=\"Canteiro escola: Pr\u00e9-fabrica\u00e7\u00e3o de pain\u00e9is ac\u00fasticos em madeira (abre numa nova aba)\" href=\"https:\/\/drive.google.com\/file\/d\/1-t7MzVpVBoS5kMudh1TDzoAsg9BKnakf\/view?usp=sharing\" target=\"_blank\">Canteiro escola: Pr\u00e9-fabrica\u00e7\u00e3o de pain\u00e9is ac\u00fasticos em madeira<\/a><\/li><\/ul>\n\n\n\n<p>  Karin Maria Soares Chvatal  <\/p>\n\n\n\n<ul class=\"wp-block-list\"><li><a href=\"https:\/\/drive.google.com\/file\/d\/1x09kkVyCyqcoun0gJMQ4oGIk7RlxPgbh\/view?usp=sharing\" target=\"_blank\" rel=\"noreferrer noopener\" aria-label=\"Estudo do desconforto ac\u00fastico na escola \u00c1lvaro Gui\u00e3o (abre numa nova aba)\">Estudo do desconforto ac\u00fastico na escola \u00c1lvaro Gui\u00e3o<\/a><\/li><\/ul>\n\n\n\n<p> <strong>10h20 &#8211; 10h35 | discuss\u00e3o<\/strong>    <\/p>\n\n\n\n<p>Pausa 10h35 &#8211; 10h45<\/p>\n\n\n\n<p class=\"has-text-color has-primary-color\"><strong>10h45-12h | MESA 2 | DIVULGA\u00c7\u00c3O CIENT\u00cdFICA + Comunidades e&nbsp; a\u00e7\u00f5es de difus\u00e3o e extens\u00e3o<\/strong><\/p>\n\n\n\n<p>Audit\u00f3rio Paulo de Camargo &#8211; IAU USP<\/p>\n\n\n\n<p>Media\u00e7\u00e3o: Akemi Ino<\/p>\n\n\n\n<p> Marcelo Tramontano <\/p>\n\n\n\n<ul class=\"wp-block-list\"><li><a rel=\"noreferrer noopener\" aria-label=\"A revista V!RUS como espa\u00e7o de forma\u00e7\u00e3o e difus\u00e3o\u2028 (abre numa nova aba)\" href=\"https:\/\/drive.google.com\/file\/d\/1ghy4Vxw0edPDfpdtEjLhped9UPR1GWRM\/view?usp=sharing\" target=\"_blank\">A revista V!RUS como espa\u00e7o de forma\u00e7\u00e3o e difus\u00e3o<\/a><\/li><li><a href=\"https:\/\/drive.google.com\/file\/d\/1b3xr-fySgG13ElXDmYtWAo-upOzoBQcb\/view?usp=sharing\" target=\"_blank\" rel=\"noreferrer noopener\" aria-label=\"Forma\u00e7\u00e3o e extens\u00e3o na disciplina de Projeto 6\u2028 (abre numa nova aba)\">Forma\u00e7\u00e3o e extens\u00e3o na disciplina de Projeto 6<\/a><\/li><li><a rel=\"noreferrer noopener\" aria-label=\"Projeto Y+: Um pavilh\u00e3o como sistema complexo (abre numa nova aba)\" href=\"https:\/\/drive.google.com\/file\/d\/1U5IZjBXKUPwCZPGl8yQcWgHmCbbHBHSB\/view?usp=sharing\" target=\"_blank\">Projeto Y+: Um pavilh\u00e3o como sistema complexo<\/a><\/li><\/ul>\n\n\n\n<p>Ra\u00edssa P. C. de Oliveira e Everton Randal Gavino<\/p>\n\n\n\n<ul class=\"wp-block-list\"><li><a rel=\"noreferrer noopener\" aria-label=\"Oficina de Montagem do Pavilh\u00e3o &quot;The Future Now&quot;\u2028 (abre numa nova aba)\" href=\"https:\/\/drive.google.com\/file\/d\/15wCIn9a1LPAZpvn900OkxTEMsEI8qY63\/view?usp=sharing\" target=\"_blank\">Oficina de Montagem do Pavilh\u00e3o &#8220;The Future Now&#8221;<\/a><\/li><li><a href=\"https:\/\/drive.google.com\/file\/d\/1SPIkQ28XWL_RI4C58pUuyYynYuYWoU3i\/view?usp=sharing\" target=\"_blank\" rel=\"noreferrer noopener\" aria-label=\"Adequa\u00e7\u00e3o sociot\u00e9cnica no ensino da constru\u00e7\u00e3o em madeira (abre numa nova aba)\">Adequa\u00e7\u00e3o sociot\u00e9cnica no ensino da constru\u00e7\u00e3o em madeira<\/a><\/li><\/ul>\n\n\n\n<p>Amanda Saba Ruggiero e Renata Bovo Perez<\/p>\n\n\n\n<ul class=\"wp-block-list\"><li><a rel=\"noreferrer noopener\" aria-label=\"Cidade que Educa transformando ruas e bairros (abre numa nova aba)\" href=\"https:\/\/drive.google.com\/file\/d\/1dFAOupasSMKm6_dRa0b0E3KZEdcUEt90\/view?usp=sharing\" target=\"_blank\">Cidade que Educa transformando ruas e bairros<\/a><\/li><li><a href=\"https:\/\/drive.google.com\/file\/d\/1WoEb9JX4D0TBCGEV0cTL_Nez-_Ameu5H\/view?usp=sharing\" target=\"_blank\" rel=\"noreferrer noopener\" aria-label=\"Viabilidade de mobili\u00e1rio urbano para uma pra\u00e7a, estudos e constru\u00e7\u00e3o - Projeto cidade que educa (abre numa nova aba)\">Viabilidade de mobili\u00e1rio urbano para uma pra\u00e7a, estudos e constru\u00e7\u00e3o &#8211; Projeto cidade que educa<\/a><\/li><\/ul>\n\n\n\n<p> Marcel Fantin e Catia Teodoro  <\/p>\n\n\n\n<ul class=\"wp-block-list\"><li><a rel=\"noreferrer noopener\" aria-label=\" (abre numa nova aba)\" href=\"https:\/\/drive.google.com\/file\/d\/1jHL7wZwk_mPmM4RtBiKjHpeD6CnYUtvO\/view?usp=sharing\" target=\"_blank\">A\u00e7\u00f5es extensionistas com escolas e prefeituras: plataforma de monitoramento de \u00e1reas verdes urbanas de SP \u2013 UrbVerde<\/a><\/li><li><a href=\"https:\/\/drive.google.com\/file\/d\/1lhhr2zGT4t1vmkYeYqIn7PZ0RtFycXl2\/view?usp=sharing\" target=\"_blank\" rel=\"noreferrer noopener\" aria-label=\"UrbVerde: Plataforma para transforma\u00e7\u00e3o social e apoio \u00e0 tomada de decis\u00f5es p\u00fablicas (abre numa nova aba)\">UrbVerde: Plataforma para transforma\u00e7\u00e3o social e apoio \u00e0 tomada de decis\u00f5es p\u00fablicas<\/a><\/li><\/ul>\n\n\n\n<p><strong>11h45 &#8211; 12h | discuss\u00e3o<\/strong><\/p>\n\n\n\n<p><\/p>\n\n\n\n<p class=\"has-text-color has-primary-color\"><strong>13h30 &#8211; 14h | LAN\u00c7AMENTO DE LIVROS 2024<\/strong><\/p>\n\n\n\n<p>P\u00e1tio do IAU<\/p>\n\n\n\n<p> <strong>140 Anos da Esta\u00e7\u00e3o Ferrovi\u00e1ria de S\u00e3o Carlos: Hist\u00f3ria e Arquitetura<\/strong><br> Rodrigo Peronti Santiago,  Simone Helena Tanoue Vizioli E   Alfonso Ippolito <br> <\/p>\n\n\n\n<p><strong>Patrim\u00f4nios &amp; imagin\u00e1rios<\/strong><br> Ana Laura Assumpcao, Andr\u00e9 F. C. Faraco, Bruna C. Bevilaqua, Jo\u00e3o Goncalves Neto, Maria Helena Gabriel, Nat\u00e1lia C. Silva, Paulo C. Castral (Organizadores).<\/p>\n\n\n\n<p><strong>Distritos H\u00eddricos para o Rio Tiet\u00ea. Ordenamento Territorial de Sales\u00f3polis-SP: Desenvolvimento Polinuclear<\/strong><br> Jeferson Tavares<\/p>\n\n\n\n<p><strong>Producing and living the high-rise: new contexts, old questions?<\/strong><br>Manoel Rodrigues Alves<\/p>\n\n\n\n<p class=\"has-text-color has-primary-color\"><strong>14h &#8211; 15h15 | MESA 3 | <\/strong> <strong>PATRIM\u00d4NIO ARQUITET\u00d4NICO E CULTURAL: EDUCA\u00c7\u00c3O E PRESERVA\u00c7\u00c3O<\/strong><\/p>\n\n\n\n<p class=\"has-text-color has-dark-gray-color\">\n\nAudit\u00f3rio Paulo de Camargo &#8211; IAU USP\n\n<\/p>\n\n\n\n<p class=\"has-text-color has-dark-gray-color\">Media\u00e7\u00e3o: Karin Maria Soares Chvatal<\/p>\n\n\n\n<p class=\"has-text-color has-dark-gray-color\"> Paulo Yassuhide Fujioka  <\/p>\n\n\n\n<ul class=\"wp-block-list\"><li><a href=\"https:\/\/drive.google.com\/file\/d\/1xMq9oF-UUGItxs248xTvfp022dvkGiOX\/view?usp=sharing\" target=\"_blank\" rel=\"noreferrer noopener\" aria-label=\"Introdu\u00e7\u00e3o \u00e0 Hist\u00f3ria da Arte Ocidental - p\u00fablico-alvo: terceira idade (abre numa nova aba)\">Introdu\u00e7\u00e3o \u00e0 Hist\u00f3ria da Arte Ocidental &#8211; p\u00fablico-alvo: terceira idade<\/a><\/li><\/ul>\n\n\n\n<p> Simone Helena Tanoue Vizioli e Andre F. C. Faraco <\/p>\n\n\n\n<ul class=\"wp-block-list\"><li><a href=\"https:\/\/drive.google.com\/file\/d\/1g10RKYHcC9kDxlQ-_cSdEOngURdSiQ1T\/view?usp=sharing\" target=\"_blank\" rel=\"noreferrer noopener\" aria-label=\"Reconhecimento e valoriza\u00e7\u00e3o da cultura e da ci\u00eancia: uma articula\u00e7\u00e3o entre a universidade e a sociedade em S\u00e3o Carlos (abre numa nova aba)\">Reconhecimento e valoriza\u00e7\u00e3o da cultura e da ci\u00eancia: uma articula\u00e7\u00e3o entre a universidade e a sociedade em S\u00e3o Carlos<\/a><\/li><li><a rel=\"noreferrer noopener\" aria-label=\"Cursos de Difus\u00e3o sobre documenta\u00e7\u00e3o, representa\u00e7\u00e3o e comunica\u00e7\u00e3o do Patrim\u00f4nio Hist\u00f3rico de S\u00e3o Carlos (abre numa nova aba)\" href=\"https:\/\/drive.google.com\/file\/d\/10X55GDqw7ILTyEyIXT0_B8AB0luXMn1G\/view?usp=sharing\" target=\"_blank\">Cursos de Difus\u00e3o sobre documenta\u00e7\u00e3o, representa\u00e7\u00e3o e comunica\u00e7\u00e3o do Patrim\u00f4nio Hist\u00f3rico de S\u00e3o Carlos<\/a><\/li><\/ul>\n\n\n\n<p> David M. Sperling e Edison San<\/p>\n\n\n\n<ul class=\"wp-block-list\"><li><a href=\"https:\/\/drive.google.com\/file\/d\/1mw6xp3Dp_EU-uPdzYV2eLMH3w6JL9qbT\/view?usp=sharing\" target=\"_blank\" rel=\"noreferrer noopener\" aria-label=\"Centro Cultural Expandido: Digitaliza\u00e7\u00e3o e Difus\u00e3o de Acervo Art\u00edstico (abre numa nova aba)\">Centro Cultural Expandido: Digitaliza\u00e7\u00e3o e Difus\u00e3o de Acervo Art\u00edstico<\/a><\/li><\/ul>\n\n\n\n<p> Amanda Saba Ruggiero e  Ra\u00edssa P. C. de Oliveira  <\/p>\n\n\n\n<ul class=\"wp-block-list\"><li><a href=\"https:\/\/drive.google.com\/file\/d\/1gldlXQb-3lmwyM6YnaWUAKu9gkIGlkND\/view?usp=sharing\" target=\"_blank\" rel=\"noreferrer noopener\" aria-label=\"A Mem\u00f3ria em Constru\u00e7\u00e3o: Desenvolvimento e implanta\u00e7\u00e3o do Centro de Mem\u00f3ria IAU-USP a partir dos Acervos Jorge Caron e S\u00e9rgio Ferro (abre numa nova aba)\">A Mem\u00f3ria em Constru\u00e7\u00e3o: Desenvolvimento e implanta\u00e7\u00e3o do Centro de Mem\u00f3ria IAU-USP a partir dos Acervos Jorge Caron e S\u00e9rgio Ferro<\/a><\/li><\/ul>\n\n\n\n<p><strong>15h &#8211; 15h15 | discuss\u00e3o<\/strong><\/p>\n\n\n\n<p><em> Pausa 15h15 &#8211; 15h25 <\/em><\/p>\n\n\n\n<p><\/p>\n\n\n\n<p class=\"has-text-color has-primary-color\"><strong>15h25 &#8211; 16h40 | MESA 4 | <\/strong> <strong>PRODU\u00c7\u00c3O DAS CIDADES: EDUCA\u00c7\u00c3O, CULTURA, CR\u00cdTICA URBANA, PROJETOS E INTERVEN\u00c7\u00d5ES<\/strong> <\/p>\n\n\n\n<p>Audit\u00f3rio Paulo de Camargo e Almeida &#8211; IAU USP<\/p>\n\n\n\n<p>Media\u00e7\u00e3o: Luciano Bernardino da Costa<\/p>\n\n\n\n<p class=\"has-text-color has-dark-gray-color\"> Miguel Ant\u00f4nio Buzzar  <\/p>\n\n\n\n<ul class=\"wp-block-list\"><li><a rel=\"noreferrer noopener\" aria-label=\"Cartilha da Cidade Oficina Urbana (abre numa nova aba)\" href=\"https:\/\/drive.google.com\/file\/d\/1hglQMQbx9wuPJIKQZCPjVvqWWboNZQO_\/view?usp=sharing\" target=\"_blank\">Cartilha da Cidade Oficina Urbana<\/a><\/li><li><a href=\"https:\/\/drive.google.com\/file\/d\/1-1QiQudrrbCyAMD3iPEWGYjgVDzH4o2n\/view?usp=sharing\" target=\"_blank\" rel=\"noreferrer noopener\" aria-label=\"Cartilha da Cidade\/Oficinas Urbanas: direito \u00e0 cidade e os objetivos do desenvolvimento sustent\u00e1vel (ODS) (abre numa nova aba)\">Cartilha da Cidade\/Oficinas Urbanas: direito \u00e0 cidade e os objetivos do desenvolvimento sustent\u00e1vel (ODS)<\/a><\/li><li><a rel=\"noreferrer noopener\" aria-label=\"1\u00ba F\u00f3rum da Cartilha da Cidade (abre numa nova aba)\" href=\"https:\/\/drive.google.com\/file\/d\/1TPHpFoRHs5cwFv2C3vm2H5rTMKZMLv2b\/view?usp=sharing\" target=\"_blank\">1\u00ba F\u00f3rum da Cartilha da Cidade<\/a><\/li><\/ul>\n\n\n\n<p>Jeferson Tavares<\/p>\n\n\n\n<ul class=\"wp-block-list\"><li><a href=\"https:\/\/drive.google.com\/file\/d\/1AIh9t1lahObdltkNwU6-Dm6Ci7Etrc9P\/view?usp=sharing\" target=\"_blank\" rel=\"noreferrer noopener\" aria-label=\"&quot;Projetos de urbaniza\u00e7\u00e3o. Dissemina\u00e7\u00e3o de experi\u00eancias em planejamento urbano e regional&quot; (abre numa nova aba)\">&#8220;Projetos de urbaniza\u00e7\u00e3o. Dissemina\u00e7\u00e3o de experi\u00eancias em planejamento urbano e regional&#8221;<\/a><\/li><li><a rel=\"noreferrer noopener\" aria-label=\"Experi\u00eancias urban\u00edsticas no Brasil contempor\u00e2neo (abre numa nova aba)\" href=\"https:\/\/drive.google.com\/file\/d\/1sARoxL3Bv14O6daPVWhGva6HJP5i9ifJ\/view?usp=sharing\" target=\"_blank\">Experi\u00eancias urban\u00edsticas no Brasil contempor\u00e2neo<\/a><\/li><\/ul>\n\n\n\n<p> David M. Sperling, Ana C. Toneti, Ivete C. de Araujo e Heloisa C. Crnkovic<\/p>\n\n\n\n<ul class=\"wp-block-list\"><li><a href=\"https:\/\/drive.google.com\/file\/d\/1QwPCXA1HjuT_o2WrZVqKUtHGe_BBhNx7\/view?usp=sharing\" target=\"_blank\" rel=\"noreferrer noopener\" aria-label=\"Escola [bica-aqu\u00edfero] mundo: lugares de aprendizagem entre o Parque do Bic\u00e3o e o Aqu\u00edfero Guarani  (abre numa nova aba)\">Escola [bica-aqu\u00edfero] mundo: lugares de aprendizagem entre o Parque do Bic\u00e3o e o Aqu\u00edfero Guarani <\/a><\/li><\/ul>\n\n\n\n<p> Carolina Akemi Nakahara <\/p>\n\n\n\n<ul class=\"wp-block-list\"><li><a href=\"https:\/\/drive.google.com\/file\/d\/16SdINxtyBDTmSc5j8V9DJ3ahawUrvlX4\/view?usp=sharing\" target=\"_blank\" rel=\"noreferrer noopener\" aria-label=\"Imaginar cidades outras: t\u00e1ticas e t\u00e9cnicas criativas como meio ao direito \u00e0 cidade (abre numa nova aba)\">Imaginar cidades outras: t\u00e1ticas e t\u00e9cnicas criativas como meio ao direito \u00e0 cidade<\/a><\/li><\/ul>\n\n\n\n<p><strong>16h25 &#8211; 16h40 | discuss\u00e3o<\/strong><\/p>\n\n\n\n<p class=\"has-text-color has-primary-color\"><strong>16h40 | MESA DE ENCERRAMENTO <\/strong><\/p>\n\n\n\n<p class=\"has-text-color has-dark-gray-color\"><\/p>\n\n\n\n<p class=\"has-text-color has-dark-gray-color\">  <\/p>\n\n\n\n<p class=\"has-text-color has-background has-primary-color has-white-background-color\"><\/p>\n","protected":false},"excerpt":{"rendered":"<p>14 de Maio de 2025 8h30 | ABERTURA DE EXPOSI\u00c7\u00c3O: Projetos Programa Unificado de Bolsas Cultura e Extens\u00e3o IAU.USP (2022-2024) P\u00e1tio da P\u00f3s-Gradua\u00e7\u00e3o do IAU USP 9h | MESA DE ABERTURA Profa. Dra. Simone H T Vizioli &#8211; Presidenta da CCEx-IAU USP e Prof. Dr. Luciano Bernardino da Costa &#8211; Vice-Presidente da CCEx-IAU USP Prof. [&hellip;]<\/p>\n","protected":false},"author":1,"featured_media":0,"parent":0,"menu_order":0,"comment_status":"closed","ping_status":"closed","template":"","meta":{"footnotes":""},"class_list":["post-9","page","type-page","status-publish","hentry","entry"],"_links":{"self":[{"href":"https:\/\/www.iau.usp.br\/sem-ccex-2025\/index.php\/wp-json\/wp\/v2\/pages\/9","targetHints":{"allow":["GET"]}}],"collection":[{"href":"https:\/\/www.iau.usp.br\/sem-ccex-2025\/index.php\/wp-json\/wp\/v2\/pages"}],"about":[{"href":"https:\/\/www.iau.usp.br\/sem-ccex-2025\/index.php\/wp-json\/wp\/v2\/types\/page"}],"author":[{"embeddable":true,"href":"https:\/\/www.iau.usp.br\/sem-ccex-2025\/index.php\/wp-json\/wp\/v2\/users\/1"}],"replies":[{"embeddable":true,"href":"https:\/\/www.iau.usp.br\/sem-ccex-2025\/index.php\/wp-json\/wp\/v2\/comments?post=9"}],"version-history":[{"count":106,"href":"https:\/\/www.iau.usp.br\/sem-ccex-2025\/index.php\/wp-json\/wp\/v2\/pages\/9\/revisions"}],"predecessor-version":[{"id":582,"href":"https:\/\/www.iau.usp.br\/sem-ccex-2025\/index.php\/wp-json\/wp\/v2\/pages\/9\/revisions\/582"}],"wp:attachment":[{"href":"https:\/\/www.iau.usp.br\/sem-ccex-2025\/index.php\/wp-json\/wp\/v2\/media?parent=9"}],"curies":[{"name":"wp","href":"https:\/\/api.w.org\/{rel}","templated":true}]}}