{"id":162,"date":"2018-01-19T18:24:40","date_gmt":"2018-01-19T18:24:40","guid":{"rendered":"http:\/\/www.iau.usp.br\/seminariofinanceirizacao\/?page_id=162"},"modified":"2018-01-23T18:41:24","modified_gmt":"2018-01-23T18:41:24","slug":"sobre-sao-carlos","status":"publish","type":"page","link":"https:\/\/www.iau.usp.br\/seminariofinanceirizacao\/index.php\/sobre-sao-carlos\/","title":{"rendered":"Sobre S\u00e3o Carlos"},"content":{"rendered":"<h3><a href=\"http:\/\/www.iau.usp.br\/seminariofinanceirizacao\/\"><img loading=\"lazy\" decoding=\"async\" class=\"alignnone wp-image-704\" src=\"http:\/\/www.iau.usp.br\/seminariofinanceirizacao\/wp-content\/uploads\/2018\/01\/cropped-logosemina\u0301rio-01-7.jpg\" alt=\"\" width=\"1000\" height=\"371\" srcset=\"https:\/\/www.iau.usp.br\/seminariofinanceirizacao\/wp-content\/uploads\/2018\/01\/cropped-logosemina\u0301rio-01-7.jpg 1062w, https:\/\/www.iau.usp.br\/seminariofinanceirizacao\/wp-content\/uploads\/2018\/01\/cropped-logosemina\u0301rio-01-7-300x111.jpg 300w, https:\/\/www.iau.usp.br\/seminariofinanceirizacao\/wp-content\/uploads\/2018\/01\/cropped-logosemina\u0301rio-01-7-768x285.jpg 768w, https:\/\/www.iau.usp.br\/seminariofinanceirizacao\/wp-content\/uploads\/2018\/01\/cropped-logosemina\u0301rio-01-7-1024x380.jpg 1024w, https:\/\/www.iau.usp.br\/seminariofinanceirizacao\/wp-content\/uploads\/2018\/01\/cropped-logosemina\u0301rio-01-7-960x356.jpg 960w\" sizes=\"auto, (max-width: 1000px) 100vw, 1000px\" \/><\/a><\/h3>\n<h1>Sobre S\u00e3o Carlos<\/h1>\n<p>Com uma popula\u00e7\u00e3o de 221.950 habitantes (Censo IBGE 2010), S\u00e3o Carlos est\u00e1 localizada no centro geogr\u00e1fico do Estado de S\u00e3o Paulo, a cerca de 230 Km da capital.<\/p>\n<p>A forma\u00e7\u00e3o do n\u00facleo urbano de S\u00e3o Carlos do Pinhal \u2013 nome que remetia aos bosques naturais de pinheiros de arauc\u00e1ria existentes na regi\u00e3o \u2013 tem in\u00edcio no final do s\u00e9culo XVIII, com a abertura do caminho conhecido como \u201cPicad\u00e3o de Cuiab\u00e1\u201d, que ligava o litoral de S\u00e3o Paulo \u00e0s minas do interior do pa\u00eds.<\/p>\n<p>O desenvolvimento urbano de S\u00e3o Carlos est\u00e1 associado \u00e0 presen\u00e7a da ferrovia inaugurada em 1884 que favoreceu sua inser\u00e7\u00e3o na vigorosa economia cafeeira paulista. Em S\u00e3o Carlos, a fam\u00edlia Arruda Botelho, que no final do s\u00e9culo XVIII adquiriu as terras da Sesmaria do Pinhal, foi protagonista no processo de implanta\u00e7\u00e3o de infraestrutura de transporte ferrovi\u00e1rio, cria\u00e7\u00e3o de bancos e acumula\u00e7\u00e3o de capital comercial e industrial.<\/p>\n<p>Da transi\u00e7\u00e3o de uma economia baseada no trabalho escravo para a predomin\u00e2ncia de colonos livres, de origem europeia, sobretudo italiana, resultou uma composi\u00e7\u00e3o demogr\u00e1fica marcada por diferentes grupos \u00e9tnicos e raciais. Os imigrantes tiveram papel destacado na instala\u00e7\u00e3o das primeiras ind\u00fastrias e tamb\u00e9m se inseriram na pol\u00edtica local.<\/p>\n<p>A partir da d\u00e9cada de 1930 consolida-se a economia industrial associada aos investimentos do governo estadual em infraestrutura rodovi\u00e1ria. Com a instala\u00e7\u00e3o, no in\u00edcio da d\u00e9cada de 1950, da Escola de Engenharia de S\u00e3o Carlos (USP), da Universidade Federal de S\u00e3o Carlos (UFSCar), nos anos de 1970, e de uma unidade da Empresa Brasileira de Pesquisa Agropecu\u00e1ria (EMBRAPA), na d\u00e9cada de 1980, a cidade consolida seu perfil de centro de desenvolvimento tecnol\u00f3gico e ensino p\u00fablico de gradua\u00e7\u00e3o e p\u00f3s-gradua\u00e7\u00e3o.<\/p>\n<p><img loading=\"lazy\" decoding=\"async\" class=\"wp-image-314 size-full aligncenter\" src=\"http:\/\/www.iau.usp.br\/seminariofinanceirizacao\/wp-content\/uploads\/2018\/01\/sao-carlos.jpg\" alt=\"\" width=\"810\" height=\"288\" srcset=\"https:\/\/www.iau.usp.br\/seminariofinanceirizacao\/wp-content\/uploads\/2018\/01\/sao-carlos.jpg 810w, https:\/\/www.iau.usp.br\/seminariofinanceirizacao\/wp-content\/uploads\/2018\/01\/sao-carlos-300x107.jpg 300w, https:\/\/www.iau.usp.br\/seminariofinanceirizacao\/wp-content\/uploads\/2018\/01\/sao-carlos-768x273.jpg 768w\" sizes=\"auto, (max-width: 810px) 100vw, 810px\" \/><\/p>\n","protected":false},"excerpt":{"rendered":"<p>Sobre S\u00e3o Carlos Com uma popula\u00e7\u00e3o de 221.950 habitantes (Censo IBGE 2010), S\u00e3o Carlos est\u00e1 localizada no centro geogr\u00e1fico do Estado de S\u00e3o Paulo, a cerca de 230 Km da capital. A forma\u00e7\u00e3o do n\u00facleo urbano de S\u00e3o Carlos do Pinhal \u2013 nome que remetia aos bosques naturais de pinheiros de arauc\u00e1ria existentes na regi\u00e3o <a href=\"https:\/\/www.iau.usp.br\/seminariofinanceirizacao\/index.php\/sobre-sao-carlos\/\" class=\"more-link\">...continuar lendo<span class=\"screen-reader-text\"> \"Sobre S\u00e3o Carlos\"<\/span><\/a><\/p>\n","protected":false},"author":4,"featured_media":0,"parent":0,"menu_order":0,"comment_status":"closed","ping_status":"closed","template":"","meta":{"footnotes":""},"class_list":["post-162","page","type-page","status-publish","h-entry","hentry","h-as-page"],"_links":{"self":[{"href":"https:\/\/www.iau.usp.br\/seminariofinanceirizacao\/index.php\/wp-json\/wp\/v2\/pages\/162","targetHints":{"allow":["GET"]}}],"collection":[{"href":"https:\/\/www.iau.usp.br\/seminariofinanceirizacao\/index.php\/wp-json\/wp\/v2\/pages"}],"about":[{"href":"https:\/\/www.iau.usp.br\/seminariofinanceirizacao\/index.php\/wp-json\/wp\/v2\/types\/page"}],"author":[{"embeddable":true,"href":"https:\/\/www.iau.usp.br\/seminariofinanceirizacao\/index.php\/wp-json\/wp\/v2\/users\/4"}],"replies":[{"embeddable":true,"href":"https:\/\/www.iau.usp.br\/seminariofinanceirizacao\/index.php\/wp-json\/wp\/v2\/comments?post=162"}],"version-history":[{"count":11,"href":"https:\/\/www.iau.usp.br\/seminariofinanceirizacao\/index.php\/wp-json\/wp\/v2\/pages\/162\/revisions"}],"predecessor-version":[{"id":726,"href":"https:\/\/www.iau.usp.br\/seminariofinanceirizacao\/index.php\/wp-json\/wp\/v2\/pages\/162\/revisions\/726"}],"wp:attachment":[{"href":"https:\/\/www.iau.usp.br\/seminariofinanceirizacao\/index.php\/wp-json\/wp\/v2\/media?parent=162"}],"curies":[{"name":"wp","href":"https:\/\/api.w.org\/{rel}","templated":true}]}}