{"id":166,"date":"2018-01-19T18:24:40","date_gmt":"2018-01-19T18:24:40","guid":{"rendered":"http:\/\/www.iau.usp.br\/seminariofinanceirizacao\/?page_id=166"},"modified":"2018-01-23T18:37:15","modified_gmt":"2018-01-23T18:37:15","slug":"edicoes","status":"publish","type":"page","link":"https:\/\/www.iau.usp.br\/seminariofinanceirizacao\/index.php\/edicoes\/","title":{"rendered":"Edi\u00e7\u00f5es"},"content":{"rendered":"<h3><a href=\"http:\/\/www.iau.usp.br\/seminariofinanceirizacao\/\"><img loading=\"lazy\" decoding=\"async\" class=\"alignnone wp-image-704\" src=\"http:\/\/www.iau.usp.br\/seminariofinanceirizacao\/wp-content\/uploads\/2018\/01\/cropped-logosemina\u0301rio-01-7.jpg\" alt=\"\" width=\"1000\" height=\"371\" srcset=\"https:\/\/www.iau.usp.br\/seminariofinanceirizacao\/wp-content\/uploads\/2018\/01\/cropped-logosemina\u0301rio-01-7.jpg 1062w, https:\/\/www.iau.usp.br\/seminariofinanceirizacao\/wp-content\/uploads\/2018\/01\/cropped-logosemina\u0301rio-01-7-300x111.jpg 300w, https:\/\/www.iau.usp.br\/seminariofinanceirizacao\/wp-content\/uploads\/2018\/01\/cropped-logosemina\u0301rio-01-7-768x285.jpg 768w, https:\/\/www.iau.usp.br\/seminariofinanceirizacao\/wp-content\/uploads\/2018\/01\/cropped-logosemina\u0301rio-01-7-1024x380.jpg 1024w, https:\/\/www.iau.usp.br\/seminariofinanceirizacao\/wp-content\/uploads\/2018\/01\/cropped-logosemina\u0301rio-01-7-960x356.jpg 960w\" sizes=\"auto, (max-width: 1000px) 100vw, 1000px\" \/><\/a><\/h3>\n<h1>Edi\u00e7\u00f5es<\/h1>\n<p>Este evento n\u00e3o possui edi\u00e7\u00f5es anteriores.<\/p>\n","protected":false},"excerpt":{"rendered":"<p>Edi\u00e7\u00f5es Este evento n\u00e3o possui edi\u00e7\u00f5es anteriores.<\/p>\n","protected":false},"author":4,"featured_media":0,"parent":0,"menu_order":0,"comment_status":"closed","ping_status":"closed","template":"","meta":{"footnotes":""},"class_list":["post-166","page","type-page","status-publish","h-entry","hentry","h-as-page"],"_links":{"self":[{"href":"https:\/\/www.iau.usp.br\/seminariofinanceirizacao\/index.php\/wp-json\/wp\/v2\/pages\/166","targetHints":{"allow":["GET"]}}],"collection":[{"href":"https:\/\/www.iau.usp.br\/seminariofinanceirizacao\/index.php\/wp-json\/wp\/v2\/pages"}],"about":[{"href":"https:\/\/www.iau.usp.br\/seminariofinanceirizacao\/index.php\/wp-json\/wp\/v2\/types\/page"}],"author":[{"embeddable":true,"href":"https:\/\/www.iau.usp.br\/seminariofinanceirizacao\/index.php\/wp-json\/wp\/v2\/users\/4"}],"replies":[{"embeddable":true,"href":"https:\/\/www.iau.usp.br\/seminariofinanceirizacao\/index.php\/wp-json\/wp\/v2\/comments?post=166"}],"version-history":[{"count":6,"href":"https:\/\/www.iau.usp.br\/seminariofinanceirizacao\/index.php\/wp-json\/wp\/v2\/pages\/166\/revisions"}],"predecessor-version":[{"id":711,"href":"https:\/\/www.iau.usp.br\/seminariofinanceirizacao\/index.php\/wp-json\/wp\/v2\/pages\/166\/revisions\/711"}],"wp:attachment":[{"href":"https:\/\/www.iau.usp.br\/seminariofinanceirizacao\/index.php\/wp-json\/wp\/v2\/media?parent=166"}],"curies":[{"name":"wp","href":"https:\/\/api.w.org\/{rel}","templated":true}]}}