{"id":1267,"date":"2021-09-24T16:48:13","date_gmt":"2021-09-24T19:48:13","guid":{"rendered":"https:\/\/www.iau.usp.br\/siicusp\/32\/?page_id=1267"},"modified":"2024-10-18T15:07:47","modified_gmt":"2024-10-18T18:07:47","slug":"instrucoes","status":"publish","type":"page","link":"https:\/\/www.iau.usp.br\/siicusp\/32\/instrucoes\/","title":{"rendered":"INSTRU\u00c7\u00d5ES"},"content":{"rendered":"\n<p><br><a href=\"https:\/\/www.iau.usp.br\/siicusp\/32\/wp-content\/uploads\/sites\/6\/2024\/10\/32o-siicusp-iau-orientac\u0327o\u0303es-apresentadores-e-coautores-atualizadas-1.pdf\" data-type=\"link\" data-id=\"https:\/\/www.iau.usp.br\/siicusp\/32\/wp-content\/uploads\/sites\/6\/2024\/10\/32o-siicusp-iau-orientac\u0327o\u0303es-apresentadores-e-coautores-atualizadas-1.pdf\" target=\"_blank\" rel=\"noreferrer noopener\"><br><mark style=\"background-color:rgba(0, 0, 0, 0);color:#094a70\" class=\"has-inline-color\">Instru\u00e7\u00f5es para apresentadores<\/mark><\/a>  <br><br><a href=\"https:\/\/www.iau.usp.br\/siicusp\/32\/wp-content\/uploads\/sites\/6\/2024\/10\/32o-siicusp-iau-orientac\u0327o\u0303es-avaliadores-1.pdf\" data-type=\"link\" data-id=\"https:\/\/www.iau.usp.br\/siicusp\/32\/wp-content\/uploads\/sites\/6\/2024\/10\/32o-siicusp-iau-orientac\u0327o\u0303es-avaliadores-1.pdf\" target=\"_blank\" rel=\"noreferrer noopener\"><mark style=\"background-color:rgba(0, 0, 0, 0);color:#094a70\" class=\"has-inline-color\">Instru\u00e7\u00f5es para avaliadores<\/mark><\/a>  <\/p>\n","protected":false},"excerpt":{"rendered":"<p>Instru\u00e7\u00f5es para apresentadores Instru\u00e7\u00f5es para avaliadores<\/p>\n","protected":false},"author":14,"featured_media":0,"parent":0,"menu_order":0,"comment_status":"closed","ping_status":"closed","template":"","meta":{"footnotes":""},"_links":{"self":[{"href":"https:\/\/www.iau.usp.br\/siicusp\/32\/wp-json\/wp\/v2\/pages\/1267"}],"collection":[{"href":"https:\/\/www.iau.usp.br\/siicusp\/32\/wp-json\/wp\/v2\/pages"}],"about":[{"href":"https:\/\/www.iau.usp.br\/siicusp\/32\/wp-json\/wp\/v2\/types\/page"}],"author":[{"embeddable":true,"href":"https:\/\/www.iau.usp.br\/siicusp\/32\/wp-json\/wp\/v2\/users\/14"}],"replies":[{"embeddable":true,"href":"https:\/\/www.iau.usp.br\/siicusp\/32\/wp-json\/wp\/v2\/comments?post=1267"}],"version-history":[{"count":8,"href":"https:\/\/www.iau.usp.br\/siicusp\/32\/wp-json\/wp\/v2\/pages\/1267\/revisions"}],"predecessor-version":[{"id":1938,"href":"https:\/\/www.iau.usp.br\/siicusp\/32\/wp-json\/wp\/v2\/pages\/1267\/revisions\/1938"}],"wp:attachment":[{"href":"https:\/\/www.iau.usp.br\/siicusp\/32\/wp-json\/wp\/v2\/media?parent=1267"}],"curies":[{"name":"wp","href":"https:\/\/api.w.org\/{rel}","templated":true}]}}