{"id":1267,"date":"2021-09-24T16:48:13","date_gmt":"2021-09-24T19:48:13","guid":{"rendered":"https:\/\/www.iau.usp.br\/siicusp\/?page_id=1267"},"modified":"2025-09-14T09:54:29","modified_gmt":"2025-09-14T12:54:29","slug":"instrucoes","status":"publish","type":"page","link":"https:\/\/www.iau.usp.br\/siicusp\/instrucoes\/","title":{"rendered":"INSTRU\u00c7\u00d5ES"},"content":{"rendered":"\n<p><a href=\"https:\/\/www.iau.usp.br\/siicusp\/instrucoes-para-apresentadores\/\" data-type=\"link\" data-id=\"https:\/\/www.iau.usp.br\/siicusp\/instrucoes-para-apresentadores\/\">Instru\u00e7\u00f5es para apresentadores<\/a><\/p>\n\n\n\n<p><a rel=\"noreferrer noopener\" href=\"https:\/\/www.iau.usp.br\/siicusp\/wp-content\/uploads\/2025\/09\/instruc\u0327a\u0303o-avaliadores.pdf\" data-type=\"link\" data-id=\"https:\/\/www.iau.usp.br\/siicusp\/wp-content\/uploads\/2025\/09\/instruc\u0327a\u0303o-avaliadores.pdf\" target=\"_blank\">Instru\u00e7\u00f5es para <\/a><a href=\"https:\/\/www.iau.usp.br\/siicusp\/wp-content\/uploads\/2025\/09\/instruc\u0327a\u0303o-avaliadores.pdf\" data-type=\"link\" data-id=\"https:\/\/www.iau.usp.br\/siicusp\/wp-content\/uploads\/2025\/09\/instruc\u0327a\u0303o-avaliadores.pdf\" target=\"_blank\" rel=\"noreferrer noopener\">a<\/a><a rel=\"noreferrer noopener\" href=\"https:\/\/www.iau.usp.br\/siicusp\/wp-content\/uploads\/2025\/09\/instruc\u0327a\u0303o-avaliadores.pdf\" data-type=\"link\" data-id=\"https:\/\/www.iau.usp.br\/siicusp\/wp-content\/uploads\/2025\/09\/instruc\u0327a\u0303o-avaliadores.pdf\" target=\"_blank\">valiadores<\/a><\/p>\n","protected":false},"excerpt":{"rendered":"<p>Instru\u00e7\u00f5es para apresentadores Instru\u00e7\u00f5es para avaliadores<\/p>\n","protected":false},"author":14,"featured_media":0,"parent":0,"menu_order":0,"comment_status":"closed","ping_status":"closed","template":"","meta":{"footnotes":""},"_links":{"self":[{"href":"https:\/\/www.iau.usp.br\/siicusp\/wp-json\/wp\/v2\/pages\/1267"}],"collection":[{"href":"https:\/\/www.iau.usp.br\/siicusp\/wp-json\/wp\/v2\/pages"}],"about":[{"href":"https:\/\/www.iau.usp.br\/siicusp\/wp-json\/wp\/v2\/types\/page"}],"author":[{"embeddable":true,"href":"https:\/\/www.iau.usp.br\/siicusp\/wp-json\/wp\/v2\/users\/14"}],"replies":[{"embeddable":true,"href":"https:\/\/www.iau.usp.br\/siicusp\/wp-json\/wp\/v2\/comments?post=1267"}],"version-history":[{"count":13,"href":"https:\/\/www.iau.usp.br\/siicusp\/wp-json\/wp\/v2\/pages\/1267\/revisions"}],"predecessor-version":[{"id":2109,"href":"https:\/\/www.iau.usp.br\/siicusp\/wp-json\/wp\/v2\/pages\/1267\/revisions\/2109"}],"wp:attachment":[{"href":"https:\/\/www.iau.usp.br\/siicusp\/wp-json\/wp\/v2\/media?parent=1267"}],"curies":[{"name":"wp","href":"https:\/\/api.w.org\/{rel}","templated":true}]}}