{"id":31,"date":"2020-07-23T09:59:19","date_gmt":"2020-07-23T12:59:19","guid":{"rendered":"https:\/\/www.iau.usp.br\/siicusp\/?page_id=31"},"modified":"2025-07-02T16:21:25","modified_gmt":"2025-07-02T19:21:25","slug":"o-simposio","status":"publish","type":"page","link":"https:\/\/www.iau.usp.br\/siicusp\/","title":{"rendered":"O SIMP\u00f3SIO"},"content":{"rendered":"\n<h3 class=\"wp-block-heading has-text-color\" style=\"color:#5e4438\"><strong>Bem-vindo(a) ao 33\u00ba SIICUSP!<\/strong><\/h3>\n\n\n\n<p class=\"has-text-align-left\">Em sua trig\u00e9sima e terceira edi\u00e7\u00e3o, o Simp\u00f3sio Internacional de Inicia\u00e7\u00e3o Cient\u00edfica e Tecnol\u00f3gica da USP \u2013 SIICUSP \u00e9 um evento anual que tem como objetivo divulgar os resultados das pesquisas de&nbsp; inicia\u00e7\u00e3o cient\u00edfica e tecnol\u00f3gica realizadas por alunos de gradua\u00e7\u00e3o da USP, bem como de outras institui\u00e7\u00f5es nacionais e internacionais. Visa tamb\u00e9m a contribuir para o desenvolvimento de compet\u00eancias necess\u00e1rias \u00e0 pesquisa acad\u00eamica, promovendo a oportunidade de intera\u00e7\u00e3o entre pesquisadores de todos os n\u00edveis e \u00e1reas, e fomentando a colabora\u00e7\u00e3o e a pesquisa multidisciplinar na Universidade.<\/p>\n\n\n\n<p><\/p>\n\n\n\n<h3 class=\"wp-block-heading has-text-color\" style=\"color:#5e4438\"><strong>etapas do SIICUSP<\/strong><\/h3>\n\n\n\n<p>O SIICUSP \u00e9 composto de duas fases. Na primeira, cada Unidade, ou grupo de Unidades, organiza seu pr\u00f3prio evento, com trabalhos de sua \u00e1rea espec\u00edfica. Esta p\u00e1gina se refere \u00e0 primeira fase do evento vinculada ao Instituto de Arquitetura e Urbanismo (IAU), localizado no campus da USP em S\u00e3o Carlos, no qual devem ser inscritos resumos da<strong> \u00e1rea de Arquitetura e Urbanismo<\/strong>. Os estudantes apresentar\u00e3o oralmente suas pesquisas para uma comiss\u00e3o avaliadora, e os 15% melhor avaliados ser\u00e3o selecionados para a segunda fase, denominada \u201cEtapa Internacional\u201d. Os estudantes selecionados ter\u00e3o a oportunidade de apresentar seus trabalhos novamente, em evento com participa\u00e7\u00e3o de todas as \u00e1reas do conhecimento. A segunda fase ser\u00e1 realizada &nbsp;em <strong>26 e 27\/11\/2025<\/strong><\/p>\n\n\n\n<p><a href=\"https:\/\/prpi.usp.br\/wp-content\/uploads\/sites\/1239\/2025\/05\/Edital-33-SIICUSP-1.pdf\" target=\"_blank\" rel=\"noreferrer noopener\">Link para o edital 2025<\/a><\/p>\n\n\n\n<h3 class=\"wp-block-heading has-text-color\" style=\"color:#5e4438\"><strong>men\u00e7\u00f5es honrosas<\/strong><\/h3>\n\n\n\n<p>At\u00e9 20% dos trabalhos apresentados na Etapa Internacional, que congrega todas as Unidades da USP, ser\u00e3o selecionados para a Men\u00e7\u00e3o Honrosa. Os estudantes que receberem Men\u00e7\u00e3o Honrosa poder\u00e3o ser selecionados pela Pr\u00f3Reitoria de Pesquisa para representarem a USP em outros eventos ou premia\u00e7\u00f5es.<\/p>\n\n\n\n<p><\/p>\n\n\n\n<h3 class=\"wp-block-heading has-text-color\" style=\"color:#5e4438\"><strong>datas importantes<\/strong><\/h3>\n\n\n\n<p class=\"has-white-color has-text-color has-background\" style=\"background-color:#5e4438\"><strong>21\/07 a 25\/08\/2025<\/strong> &#8211; Inscri\u00e7\u00f5es pelos autores <\/p>\n\n\n\n<p class=\"has-white-color has-text-color has-background\" style=\"background-color:#5e4438\"><strong>17\/09\/2025<\/strong> \u2013 1a fase &#8211; Unidade IAU.USP (presencial)<\/p>\n\n\n\n<p class=\"has-white-color has-text-color has-background\" style=\"background-color:#5e4438\"><strong>&nbsp;26 e 27\/11\/2025<\/strong> \u2013 Etapa Internacional<\/p>\n\n\n\n<h3 class=\"wp-block-heading has-text-color\" style=\"color:#5e4438\"><strong>organiza\u00e7\u00e3o<\/strong><\/h3>\n\n\n\n<p><\/p>\n\n\n\n<p><\/p>\n\n\n\n<h6 class=\"wp-block-heading has-text-color\" style=\"color:#5e4438\"><strong>comiss\u00e3o de pesquisa \/ <a href=\"https:\/\/www.iau.usp.br\/pesquisa\/\" target=\"_blank\" rel=\"noreferrer noopener\">cpq iau.usp<\/a><\/strong><\/h6>\n\n\n\n<p>Prof. Dr. Paulo C\u00e9sar Castral (presidente)<\/p>\n\n\n\n<p>Prof.\u00aa Dr.\u00aa Kelen Almeida Dornelles (vice-presidente)<\/p>\n\n\n\n<div class=\"wp-block-group is-layout-flow wp-block-group-is-layout-flow\"><div class=\"wp-block-group__inner-container\">\n<p><\/p>\n\n\n\n<h6 class=\"wp-block-heading has-text-color\" style=\"color:#5e4438\"><strong>membros titulares<\/strong><\/h6>\n<\/div><\/div>\n\n\n\n<p>Prof. Assoc.  David Moreno Sperling<\/p>\n\n\n\n<p>Prof. Francisco Sales Trajano Filho <\/p>\n\n\n\n<p>Prof. Tit. Joubert Jos\u00e9 Lancha<\/p>\n\n\n\n<p>Lara Stival Nunes de Alc\u00e2ntara Garrote&nbsp; (representante discente \/ doutorado)<\/p>\n\n\n\n<p>Maisa Fonseca de Almeida (representante p\u00f3s-doutorandos)<\/p>\n\n\n\n<h6 class=\"wp-block-heading has-text-color\" style=\"color:#5e4438\"><strong>membros suplentes<\/strong><\/h6>\n\n\n\n<p>Prof.\u00aa  Dr.\u00aa Carolina Akemi Martins Morita Nakahara<\/p>\n\n\n\n<p>Prof. Dr. Jeferson Cristiano Tavares<\/p>\n\n\n\n<p>Prof.\u00aa Dr\u00aa. Lucia Zanin Shimbo<\/p>\n\n\n\n<p>Douglas de Almeida Silva (representante p\u00f3s-doutorandos)<\/p>\n\n\n\n<h6 class=\"wp-block-heading has-text-color\" style=\"color:#5e4438\"><strong>servidores t\u00e9cnico-administrativos<\/strong><\/h6>\n\n\n\n<p>S\u00e9rgio Celestini (secret\u00e1rio)<\/p>\n\n\n\n<p>Evandro Cesar Bueno (se\u00e7\u00e3o t\u00e9cnica de inform\u00e1tica)<\/p>\n\n\n\n<p>Daniel Picon (se\u00e7\u00e3o t\u00e9cnica de inform\u00e1tica)<\/p>\n\n\n\n<p><\/p>\n\n\n\n<hr class=\"wp-block-separator aligncenter has-text-color has-white-color has-alpha-channel-opacity has-white-background-color has-background is-style-wide\"\/>\n\n\n\n<p class=\"has-text-color\" style=\"color:#5e4438\">P\u00e1gina desenvolvida por Ailin Chang, Gabriel Botasso, Luiza Beltramini, Mayara Macedo, Sabrina Lopes, Tha\u00eds de Miranda e Vit\u00f3ria Machado \/ Atualiza\u00e7\u00e3o por Paulo Castral<\/p>\n\n\n\n<p class=\"has-text-align-center has-white-color has-text-color\"><strong>Edi\u00e7\u00f5es Anteriores<\/strong><\/p>\n\n\n\n<p class=\"has-text-align-center\"><a rel=\"noreferrer noopener\" href=\"https:\/\/www.iau.usp.br\/siicusp\/28\/\" target=\"_blank\">Edi\u00e7\u00e3o 2<\/a>9<br><a rel=\"noreferrer noopener\" href=\"https:\/\/www.iau.usp.br\/siicusp\/28\/\" target=\"_blank\">Edi\u00e7\u00e3o 28<\/a><br><a rel=\"noreferrer noopener\" href=\"https:\/\/www.iau.usp.br\/siicusp\/30\/\" data-type=\"link\" data-id=\"https:\/\/www.iau.usp.br\/siicusp\/30\/\" target=\"_blank\">Edi\u00e7\u00e3o<\/a><a href=\"https:\/\/www.iau.usp.br\/siicusp\/30\/\" data-type=\"link\" data-id=\"https:\/\/www.iau.usp.br\/siicusp\/30\/\"> 30<\/a><\/p>\n\n\n\n<p class=\"has-text-align-center\"><a href=\"https:\/\/www.iau.usp.br\/siicusp\/31\/\" data-type=\"link\" data-id=\"https:\/\/www.iau.usp.br\/siicusp\/31\/\">Edi\u00e7\u00e3o 31<\/a><\/p>\n\n\n\n<p class=\"has-text-align-center\"><a href=\"https:\/\/www.iau.usp.br\/siicusp\/32\" target=\"_blank\" rel=\"noreferrer noopener\">Edi\u00e7\u00e3o 32<\/a><\/p>\n","protected":false},"excerpt":{"rendered":"<p>Bem-vindo(a) ao 33\u00ba SIICUSP! Em sua trig\u00e9sima e terceira edi\u00e7\u00e3o, o Simp\u00f3sio Internacional de Inicia\u00e7\u00e3o Cient\u00edfica e Tecnol\u00f3gica da USP \u2013 SIICUSP \u00e9 um evento anual que tem como objetivo divulgar os resultados das pesquisas de&nbsp; inicia\u00e7\u00e3o cient\u00edfica e tecnol\u00f3gica realizadas por alunos de gradua\u00e7\u00e3o da USP, bem como de outras institui\u00e7\u00f5es nacionais e internacionais. &hellip; <\/p>\n<p class=\"link-more\"><a href=\"https:\/\/www.iau.usp.br\/siicusp\/\" class=\"more-link\">Continue lendo<span class=\"screen-reader-text\"> &#8220;O SIMP\u00f3SIO&#8221;<\/span><\/a><\/p>\n","protected":false},"author":5,"featured_media":1985,"parent":0,"menu_order":0,"comment_status":"closed","ping_status":"closed","template":"","meta":{"footnotes":""},"_links":{"self":[{"href":"https:\/\/www.iau.usp.br\/siicusp\/wp-json\/wp\/v2\/pages\/31"}],"collection":[{"href":"https:\/\/www.iau.usp.br\/siicusp\/wp-json\/wp\/v2\/pages"}],"about":[{"href":"https:\/\/www.iau.usp.br\/siicusp\/wp-json\/wp\/v2\/types\/page"}],"author":[{"embeddable":true,"href":"https:\/\/www.iau.usp.br\/siicusp\/wp-json\/wp\/v2\/users\/5"}],"replies":[{"embeddable":true,"href":"https:\/\/www.iau.usp.br\/siicusp\/wp-json\/wp\/v2\/comments?post=31"}],"version-history":[{"count":78,"href":"https:\/\/www.iau.usp.br\/siicusp\/wp-json\/wp\/v2\/pages\/31\/revisions"}],"predecessor-version":[{"id":1984,"href":"https:\/\/www.iau.usp.br\/siicusp\/wp-json\/wp\/v2\/pages\/31\/revisions\/1984"}],"wp:featuredmedia":[{"embeddable":true,"href":"https:\/\/www.iau.usp.br\/siicusp\/wp-json\/wp\/v2\/media\/1985"}],"wp:attachment":[{"href":"https:\/\/www.iau.usp.br\/siicusp\/wp-json\/wp\/v2\/media?parent=31"}],"curies":[{"name":"wp","href":"https:\/\/api.w.org\/{rel}","templated":true}]}}